{"id":98,"date":"2018-01-28T18:04:27","date_gmt":"2018-01-28T17:04:27","guid":{"rendered":"http:\/\/naturduenger.bio\/?page_id=98"},"modified":"2026-01-08T18:27:07","modified_gmt":"2026-01-08T17:27:07","slug":"zeolith","status":"publish","type":"page","link":"https:\/\/naturduenger.bio\/index.php\/zeolith\/","title":{"rendered":"Zeolith"},"content":{"rendered":"\n<figure class=\"wp-block-image size-large\"><img loading=\"lazy\" decoding=\"async\" width=\"1024\" height=\"768\" src=\"https:\/\/naturduenger.bio\/wp-content\/uploads\/2026\/01\/Zeolith-gemahlen-1024x768.jpg\" alt=\"\" class=\"wp-image-275\" srcset=\"https:\/\/naturduenger.bio\/wp-content\/uploads\/2026\/01\/Zeolith-gemahlen-1024x768.jpg 1024w, https:\/\/naturduenger.bio\/wp-content\/uploads\/2026\/01\/Zeolith-gemahlen-300x225.jpg 300w, https:\/\/naturduenger.bio\/wp-content\/uploads\/2026\/01\/Zeolith-gemahlen-768x576.jpg 768w, https:\/\/naturduenger.bio\/wp-content\/uploads\/2026\/01\/Zeolith-gemahlen-1536x1152.jpg 1536w, https:\/\/naturduenger.bio\/wp-content\/uploads\/2026\/01\/Zeolith-gemahlen-2048x1536.jpg 2048w, https:\/\/naturduenger.bio\/wp-content\/uploads\/2026\/01\/Zeolith-gemahlen-1200x900.jpg 1200w\" sizes=\"auto, (max-width: 709px) 85vw, (max-width: 909px) 67vw, (max-width: 1362px) 62vw, 840px\" \/><figcaption>Zeolith fein vermahlen<\/figcaption><\/figure>\n\n\n\n<h4 class=\"wp-block-heading\"><strong><u>Zeolith und seine vielf\u00e4ltigen Einsatzm\u00f6glichkeiten<\/u><\/strong><\/h4>\n\n\n\n<p>Zeolith ist als Futterzusatzstoff EU-weit f\u00fcr Rinder, Puten,<\/p>\n\n\n\n<p>Schweine und H\u00fchner zugelassen. Seit Jahrzehnten wird Zeolith<\/p>\n\n\n\n<p>bereits von Futtermittelfirmen wie auch direkt von Landwirten in ihren<\/p>\n\n\n\n<p>Kraftfuttermischungen eingesetzt. Bei K\u00e4lberdurchfall kommt es direkt in die Tr\u00e4nkeration.<\/p>\n\n\n\n<p>Die in den Hohlr\u00e4umen und Kan\u00e4len disponierten Kationen und<\/p>\n\n\n\n<p>Wassermolek\u00fcle besitzen ein hohes Ma\u00df an Beweglichkeit und<\/p>\n\n\n\n<p>verf\u00fcgen daher \u00fcber eine ausgepr\u00e4gte F\u00e4higkeit zum Ionenaustausch<\/p>\n\n\n\n<p>und zur reversiblen Sorption. Hierin wie auch in der hohen<\/p>\n\n\n\n<p>Adsorptionsf\u00e4higkeit liegt die Besonderheit von Zeolith.<\/p>\n\n\n\n<h4 class=\"wp-block-heading\"><strong>Typische Eigenschaften von <\/strong>Zeolith <strong>in Rasentragschichten <\/strong><strong>und B\u00f6den<\/strong><\/h4>\n\n\n\n<ul class=\"wp-block-list\"><li>Zeolith speichert auf Grund der negativen Ger\u00fcstladung der<\/li><\/ul>\n\n\n\n<p>inneren Struktur pflanzenverf\u00fcgbaren Stickstoff sowie Kalium und<\/p>\n\n\n\n<p>gibt diese N\u00e4hrstoffe bei Bedarf (Slow-Release Effekt) wieder ab.<\/p>\n\n\n\n<ul class=\"wp-block-list\"><li>Zeolith verbessert erheblich die Wasserspeicherkapazit\u00e4t.<\/li><li>Zeolith erm\u00f6glicht eine Verbesserung der Kr\u00fcmelstruktur<\/li><\/ul>\n\n\n\n<p>durch die F\u00f6rderung von Bodenmikroben.<\/p>\n\n\n\n<ul class=\"wp-block-list\"><li>Zeolith erh\u00f6ht die Stickstoff-, Kalium- und Phosphoraufnahme<\/li><\/ul>\n\n\n\n<p>der Pflanzen.<\/p>\n\n\n\n<ul class=\"wp-block-list\"><li>Zeolith optimiert den Stoffwechsel der Pflanzen.<\/li><li>Zeolith f\u00f6rdert die Bel\u00fcftung des Wurzelsystems.<\/li><\/ul>\n\n\n\n<h4 class=\"wp-block-heading\"><strong>Stalleinstreu<\/strong><\/h4>\n\n\n\n<p>Zeo<strong>Dry<\/strong> f\u00fchrt nachweislich zu einem verbesserten Stallklima und<\/p>\n\n\n\n<p><strong>entlastet die inneren Organe <\/strong>der Nutztiere durch eine nachhaltige<\/p>\n\n\n\n<p>Absorption von <strong>Schadstoffen <\/strong>und <strong>Mykotoxinen<\/strong>.<\/p>\n\n\n\n<p><strong>Zeo<\/strong>DRY ist ein nat\u00fcrliches und hoch effektives Hygieneprodukt f\u00fcr Lauf-, Liege- und Huderfl\u00e4chen in H\u00e4hnchenmastbetrieben. Es verbessert die Luftqualit\u00e4t in der direkten Tier- Umgebung, trocknet den Lebensraum der Tiere und absorbiert Schadstoffe wie beispielsweise Ammoniak.<\/p>\n\n\n\n<p><strong>Zeo<\/strong>DRY hemmt aktiv die Entwicklung von Bakterien, Viren,<\/p>\n\n\n\n<p>Kokzidien und Pilzen und f\u00f6rdert intensiv die Fu\u00dfballengesundheit der Tiere.<\/p>\n\n\n\n<p>Die Folge sind ges\u00fcndere und leistungsst\u00e4rkere H\u00e4hnchen. Der positive Einfluss von <strong>Zeo<\/strong>DRY zeigt sich in deutlich festeren St\u00e4ndern und gesunden Fu\u00dfballen und stabiler Verdauung.<\/p>\n\n\n\n<p><strong>Wertsch\u00f6pfung f\u00fcr den Landwirt die mit der Einstreu beginnt!<\/strong><\/p>\n","protected":false},"excerpt":{"rendered":"<p>Zeolith und seine vielf\u00e4ltigen Einsatzm\u00f6glichkeiten Zeolith ist als Futterzusatzstoff EU-weit f\u00fcr Rinder, Puten, Schweine und H\u00fchner zugelassen. Seit Jahrzehnten wird Zeolith bereits von Futtermittelfirmen wie auch direkt von Landwirten in ihren Kraftfuttermischungen eingesetzt. Bei K\u00e4lberdurchfall kommt es direkt in die Tr\u00e4nkeration. Die in den Hohlr\u00e4umen und Kan\u00e4len disponierten Kationen und Wassermolek\u00fcle besitzen ein hohes Ma\u00df &hellip; <a href=\"https:\/\/naturduenger.bio\/index.php\/zeolith\/\" class=\"more-link\"><span class=\"screen-reader-text\">\u201eZeolith\u201c <\/span>weiterlesen<\/a><\/p>\n","protected":false},"author":1,"featured_media":0,"parent":0,"menu_order":0,"comment_status":"closed","ping_status":"closed","template":"","meta":{"footnotes":""},"class_list":["post-98","page","type-page","status-publish","hentry"],"_links":{"self":[{"href":"https:\/\/naturduenger.bio\/index.php\/wp-json\/wp\/v2\/pages\/98","targetHints":{"allow":["GET"]}}],"collection":[{"href":"https:\/\/naturduenger.bio\/index.php\/wp-json\/wp\/v2\/pages"}],"about":[{"href":"https:\/\/naturduenger.bio\/index.php\/wp-json\/wp\/v2\/types\/page"}],"author":[{"embeddable":true,"href":"https:\/\/naturduenger.bio\/index.php\/wp-json\/wp\/v2\/users\/1"}],"replies":[{"embeddable":true,"href":"https:\/\/naturduenger.bio\/index.php\/wp-json\/wp\/v2\/comments?post=98"}],"version-history":[{"count":6,"href":"https:\/\/naturduenger.bio\/index.php\/wp-json\/wp\/v2\/pages\/98\/revisions"}],"predecessor-version":[{"id":276,"href":"https:\/\/naturduenger.bio\/index.php\/wp-json\/wp\/v2\/pages\/98\/revisions\/276"}],"wp:attachment":[{"href":"https:\/\/naturduenger.bio\/index.php\/wp-json\/wp\/v2\/media?parent=98"}],"curies":[{"name":"wp","href":"https:\/\/api.w.org\/{rel}","templated":true}]}}