{"id":96,"date":"2018-01-28T18:04:01","date_gmt":"2018-01-28T17:04:01","guid":{"rendered":"http:\/\/naturduenger.bio\/?page_id=96"},"modified":"2026-01-20T19:42:05","modified_gmt":"2026-01-20T18:42:05","slug":"urgesteinsmehl","status":"publish","type":"page","link":"https:\/\/naturduenger.bio\/index.php\/urgesteinsmehl\/","title":{"rendered":"Urgesteinsmehl"},"content":{"rendered":"<p><strong>Urgesteinsmehl, Harzer Urgesteinsmehl<\/strong><\/p>\n<p>Harzer Urgesteinsmehl ist feinst vermahlener Diabas mit hohem Siliziumdioxidanteil (Silikate) und weiteren wichtigen N\u00e4hrstoffen und Spurenelementen. (siehe Deklaration). Sie alle dienen der Pflanzenst\u00e4rkung und f\u00f6rdern einen gesunden Wuchs und gute Fruchtausbildung.<\/p>\n<p>Die Wirkung ist vergleichbar mit den \u00dcberschwemmungen des Nils, dadurch werden dem Boden alle wichtigen Sedimente inklusive N\u00e4hrstoffen und Spurenelementen zugef\u00fchrt. Bleibt die \u00dcberschwemmung aus leiden die Pflanzen an Mangelerscheinungen.<\/p>\n<p>Harzer Urgesteinsmehl enth\u00e4lt keinen Stickstoff.<\/p>\n<p>Harzer Urgesteinsmehl ist naturbelassen und deswegen auch f\u00fcr Biobetriebe\u00a0 geeignet.<\/p>\n<p>Die Anwendungen reichen von direkter Ausbringung \u00fcber einmischen in Komposte und Miste bis zur fl\u00fcssigen Anwendung als Blattd\u00fcnger.<\/p>\n<p>Gerade die Anwendung als Blattd\u00fcnger bringt der Pflanze die ben\u00f6tigten Spurenelemente und das Silikat (Baustein f\u00fcr den Zellaufbau) direkt an die Blattzellen sowie an die Frucht. Zus\u00e4tzlich empfiehlt sich die Mischung mit Harzer Naturgips Anhydrit, damit auch Ca++ und Schwefel direkt an die Zellen kommen.<\/p>\n<p>Mischungsverh\u00e4ltnis: 3 kg Urgesteinsmehl + 3 kg Anhydrit mit 400 l Wasser pro Hektar. Mehrmals in der Wachstumsphase anwenden.<\/p>\n\n\n<div data-wp-interactive=\"core\/file\" class=\"wp-block-file\"><object data-wp-bind--hidden=\"!state.hasPdfPreview\" hidden class=\"wp-block-file__embed\" data=\"https:\/\/naturduenger.bio\/wp-content\/uploads\/2026\/01\/Deklaration-Harzer-Urgesteinsmehl.pdf\" type=\"application\/pdf\" style=\"width:100%;height:600px\" aria-label=\"Einbettung von Deklaration Harzer Urgesteinsmehl.\"><\/object><a id=\"wp-block-file--media-25c0a476-31de-4c03-b30e-789c5f223858\" href=\"https:\/\/naturduenger.bio\/wp-content\/uploads\/2026\/01\/Deklaration-Harzer-Urgesteinsmehl.pdf\">Deklaration Harzer Urgesteinsmehl<\/a><a href=\"https:\/\/naturduenger.bio\/wp-content\/uploads\/2026\/01\/Deklaration-Harzer-Urgesteinsmehl.pdf\" class=\"wp-block-file__button wp-element-button\" download aria-describedby=\"wp-block-file--media-25c0a476-31de-4c03-b30e-789c5f223858\">Herunterladen<\/a><\/div>\n\n\n\n<h2 class=\"wp-block-heading\">Wirkung von Urgesteinsmehl<\/h2>\n\n\n\n<p><\/p>\n\n\n\n<p class=\"has-medium-font-size\">G\u00fclle und Mist:<\/p>\n\n\n\n<ul class=\"wp-block-list\">\n<li>\uf0b7 Ammoniak wird gebunden<\/li>\n\n\n\n<li>\uf0b7 F\u00e4ulnisprozess wird gestoppt<\/li>\n\n\n\n<li>\uf0b7 Rotteprozess wird gef\u00f6rdert<\/li>\n\n\n\n<li>\uf0b7 Sauerstoffanteil erh\u00f6ht sich<\/li>\n\n\n\n<li>\uf0b7 G\u00fclle wird homogener und pflanzenvertr\u00e4glicher<\/li>\n\n\n\n<li>\uf0b7 Schwimmschichten werden reduziert<\/li>\n\n\n\n<li>\uf0b7 Mist rottet schneller und pflanzenvertr\u00e4glicher<\/li>\n\n\n\n<li>\uf0b7 Mineralien und Spurenelemente erh\u00f6hen die Wertigkeit<\/li>\n<\/ul>\n\n\n\n<p><\/p>\n\n\n\n<ul class=\"wp-block-list\">\n<li class=\"has-medium-font-size\">Stallungen:<\/li>\n\n\n\n<li><\/li>\n\n\n\n<li>\uf0b7 Ammoniak wird gebunden<\/li>\n\n\n\n<li>\uf0b7 Fl\u00e4chen und Einstreu werden trockener<\/li>\n\n\n\n<li>\uf0b7 Mineralien und Spurenelemente gleich im Mist eingemischt<\/li>\n\n\n\n<li>Acker und Gr\u00fcnland:<\/li>\n\n\n\n<li>\uf0b7 Mineralien und Spurenelemente aktivieren das Bodenleben<\/li>\n\n\n\n<li>\uf0b7 Bor steuert die Stickstoffaufnahme<\/li>\n\n\n\n<li>\uf0b7 Kiesels\u00e4ure f\u00f6rdert die Kr\u00fcmelstruktur und verbessert den<\/li>\n\n\n\n<li>Wasserhaushalt<\/li>\n\n\n\n<li>\uf0b7 Magnesium und Eisen f\u00f6rdern das Blattgr\u00fcn<\/li>\n\n\n\n<li>\uf0b7 Pflanzen werden widerstandsf\u00e4higer<\/li>\n\n\n\n<li>\uf0b7 Insbesondere bei Obst wird der Geschmack intensiver<\/li>\n<\/ul>\n\n\n\n<p><\/p>\n\n\n\n<ul class=\"wp-block-list\">\n<li>Eine Mischung von 3 kg Urgesteinsmehl und 3 kg Naturgips Anhydrit auf<\/li>\n\n\n\n<li>400 l Wasser pro ha ergibt einen guten Blattd\u00fcnger zur mehrmaligen<\/li>\n\n\n\n<li>Anwendung w\u00e4hrend der Wachstumsperiode.<\/li>\n<\/ul>\n\n\n\n<h2 class=\"wp-block-heading\">Artikel auf \u00d6kolandbau.de<\/h2>\n\n\n\n<p>Urgesteinsmehl ist eines der ersten Produkte welches im \u00f6kologischen Landbau eingesetzt wurde. Auf der Internetseite von \u00d6kolandbau.de befindet sich dazu ein hervorragender Artikel:<\/p>\n\n\n\n<p><a href=\"https:\/\/www.oekolandbau.de\/bio-in-der-praxis\/oekologische-landwirtschaft\/oekologischer-pflanzenbau\/duengung-und-naehrstoffmanagement\/bodenverbesserer\/urgesteinsmehl-wirkung-auf-boden-und-anwendung\/\">https:\/\/www.oekolandbau.de\/bio-in-der-praxis\/oekologische-landwirtschaft\/oekologischer-pflanzenbau\/duengung-und-naehrstoffmanagement\/bodenverbesserer\/urgesteinsmehl-wirkung-auf-boden-und-anwendung\/<\/a><\/p>\n","protected":false},"excerpt":{"rendered":"<p>Urgesteinsmehl, Harzer Urgesteinsmehl Harzer Urgesteinsmehl ist feinst vermahlener Diabas mit hohem Siliziumdioxidanteil (Silikate) und weiteren wichtigen N\u00e4hrstoffen und Spurenelementen. (siehe Deklaration). Sie alle dienen der Pflanzenst\u00e4rkung und f\u00f6rdern einen gesunden Wuchs und gute Fruchtausbildung. Die Wirkung ist vergleichbar mit den \u00dcberschwemmungen des Nils, dadurch werden dem Boden alle wichtigen Sedimente inklusive N\u00e4hrstoffen und Spurenelementen zugef\u00fchrt. &hellip; <a href=\"https:\/\/naturduenger.bio\/index.php\/urgesteinsmehl\/\" class=\"more-link\"><span class=\"screen-reader-text\">\u201eUrgesteinsmehl\u201c <\/span>weiterlesen<\/a><\/p>\n","protected":false},"author":1,"featured_media":0,"parent":0,"menu_order":0,"comment_status":"closed","ping_status":"closed","template":"","meta":{"footnotes":""},"class_list":["post-96","page","type-page","status-publish","hentry"],"_links":{"self":[{"href":"https:\/\/naturduenger.bio\/index.php\/wp-json\/wp\/v2\/pages\/96","targetHints":{"allow":["GET"]}}],"collection":[{"href":"https:\/\/naturduenger.bio\/index.php\/wp-json\/wp\/v2\/pages"}],"about":[{"href":"https:\/\/naturduenger.bio\/index.php\/wp-json\/wp\/v2\/types\/page"}],"author":[{"embeddable":true,"href":"https:\/\/naturduenger.bio\/index.php\/wp-json\/wp\/v2\/users\/1"}],"replies":[{"embeddable":true,"href":"https:\/\/naturduenger.bio\/index.php\/wp-json\/wp\/v2\/comments?post=96"}],"version-history":[{"count":10,"href":"https:\/\/naturduenger.bio\/index.php\/wp-json\/wp\/v2\/pages\/96\/revisions"}],"predecessor-version":[{"id":346,"href":"https:\/\/naturduenger.bio\/index.php\/wp-json\/wp\/v2\/pages\/96\/revisions\/346"}],"wp:attachment":[{"href":"https:\/\/naturduenger.bio\/index.php\/wp-json\/wp\/v2\/media?parent=96"}],"curies":[{"name":"wp","href":"https:\/\/api.w.org\/{rel}","templated":true}]}}