{"id":94,"date":"2018-01-28T18:03:46","date_gmt":"2018-01-28T17:03:46","guid":{"rendered":"http:\/\/naturduenger.bio\/?page_id=94"},"modified":"2026-02-01T16:48:29","modified_gmt":"2026-02-01T15:48:29","slug":"naturgips","status":"publish","type":"page","link":"https:\/\/naturduenger.bio\/index.php\/naturgips\/","title":{"rendered":"Naturgips und REA Gips"},"content":{"rendered":"\n<h2 class=\"wp-block-heading\">Rotgips ungesiebt und Rotgips gesiebt<\/h2>\n\n\n\n<div class=\"wp-block-group\"><div class=\"wp-block-group__inner-container is-layout-constrained wp-block-group-is-layout-constrained\"><div class=\"wp-block-image\">\n<figure class=\"alignleft size-large is-resized\"><img loading=\"lazy\" decoding=\"async\" width=\"768\" height=\"1024\" src=\"https:\/\/naturduenger.bio\/wp-content\/uploads\/2026\/02\/Rotgips-ungesiebt-1-768x1024.jpg\" alt=\"\" class=\"wp-image-353\" style=\"aspect-ratio:0.7500155424308362;width:283px;height:auto\" srcset=\"https:\/\/naturduenger.bio\/wp-content\/uploads\/2026\/02\/Rotgips-ungesiebt-1-768x1024.jpg 768w, https:\/\/naturduenger.bio\/wp-content\/uploads\/2026\/02\/Rotgips-ungesiebt-1-225x300.jpg 225w, https:\/\/naturduenger.bio\/wp-content\/uploads\/2026\/02\/Rotgips-ungesiebt-1-1152x1536.jpg 1152w, https:\/\/naturduenger.bio\/wp-content\/uploads\/2026\/02\/Rotgips-ungesiebt-1-1200x1600.jpg 1200w, https:\/\/naturduenger.bio\/wp-content\/uploads\/2026\/02\/Rotgips-ungesiebt-1-rotated.jpg 1423w\" sizes=\"auto, (max-width: 768px) 85vw, 768px\" \/><\/figure>\n<\/div><\/div><\/div>\n\n\n<div class=\"wp-block-image\">\n<figure class=\"alignleft size-large is-resized\"><img loading=\"lazy\" decoding=\"async\" width=\"768\" height=\"1024\" src=\"https:\/\/naturduenger.bio\/wp-content\/uploads\/2026\/02\/Rotgips-gesiebt-1-768x1024.jpg\" alt=\"\" class=\"wp-image-352\" style=\"aspect-ratio:0.750020632169679;width:281px;height:auto\" srcset=\"https:\/\/naturduenger.bio\/wp-content\/uploads\/2026\/02\/Rotgips-gesiebt-1-768x1024.jpg 768w, https:\/\/naturduenger.bio\/wp-content\/uploads\/2026\/02\/Rotgips-gesiebt-1-225x300.jpg 225w, https:\/\/naturduenger.bio\/wp-content\/uploads\/2026\/02\/Rotgips-gesiebt-1-1152x1536.jpg 1152w, https:\/\/naturduenger.bio\/wp-content\/uploads\/2026\/02\/Rotgips-gesiebt-1-1536x2048.jpg 1536w, https:\/\/naturduenger.bio\/wp-content\/uploads\/2026\/02\/Rotgips-gesiebt-1-1200x1600.jpg 1200w, https:\/\/naturduenger.bio\/wp-content\/uploads\/2026\/02\/Rotgips-gesiebt-1-rotated.jpg 1602w\" sizes=\"auto, (max-width: 768px) 85vw, 768px\" \/><\/figure>\n<\/div>\n\n<h2><strong><u>Naturgips in verschiedenen Vermahlungen<\/u><\/strong><\/h2>\n<p><blockquote class=\"wp-embedded-content\" data-secret=\"4oj8dvLlNk\"><a href=\"https:\/\/naturduenger.bio\/index.php\/naturgips\/__trashed-2\/\">Flyer und Berichte<\/a><\/blockquote><iframe loading=\"lazy\" class=\"wp-embedded-content\" sandbox=\"allow-scripts\" security=\"restricted\" style=\"position: absolute; visibility: hidden;\" title=\"&#8222;Flyer und Berichte&#8220; &#8211; Naturduenger.BIO\" src=\"https:\/\/naturduenger.bio\/index.php\/naturgips\/__trashed-2\/embed\/#?secret=qCDq0ZA7jy#?secret=4oj8dvLlNk\" data-secret=\"4oj8dvLlNk\" width=\"600\" height=\"338\" frameborder=\"0\" marginwidth=\"0\" marginheight=\"0\" scrolling=\"no\"><\/iframe><\/p>\n<p><strong>Rotgips:<\/strong><\/p>\n<p>Loses Feinkorn, erdfeucht<\/p>\n<p>Calcium-Dihydrat fein vermahlen dadurch sofort pflanzenverf\u00fcgbarer Schwefel.<\/p>\n<p>Verbesserung der Bodenstruktur<\/p>\n<p><strong>Gehalte:<\/strong> 14% S wasserl\u00f6slicher Schwefel<\/p>\n<p>23% Ca Calcium<\/p>\n<p>pH neutral<\/p>\n<p>Zugelassen f\u00fcr den \u00f6kologischen Landbau gem\u00e4\u00df EU-\u00d6ko-Verordnung<\/p>\n<p>Lieferung lose im Kipper<\/p>\n<p><a href=\"https:\/\/naturduenger.bio\/wp-content\/uploads\/2026\/01\/Kennzeichnung-Rotgips_20230516-B.pdf\">Kennzeichnung Rotgips_20230516 (B)<\/a><\/p>\n<p><span style=\"color: #008000;\"><strong>FIBL Listung:<\/strong><\/span><\/p>\n<p><a href=\"https:\/\/naturduenger.bio\/wp-content\/uploads\/2026\/02\/Rotgips\u00ae_2025-11-27-1.pdf\">Rotgips\u00ae_2025-11-27<\/a><\/p>\n<p><strong>Naturanhydrit:<\/strong><\/p>\n<p>Loses Feinkorn erdfeucht<\/p>\n<p>Vorbeugung von Bodenverkrustungen und Bodenverdichtungen<\/p>\n<p><strong>Gehalte:<\/strong> 20% S wasserl\u00f6slicher Schwefel<\/p>\n<p>28% Ca Calcium<\/p>\n<p>pH neutral<\/p>\n<p>Zugelassen f\u00fcr den \u00f6kologischen Landbau gem\u00e4\u00df EU-\u00d6ko-Verordnung<\/p>\n<p>Lieferung lose im Kipper<\/p>\n<p><span style=\"color: #008000;\"><strong>FIBL Listung:<\/strong><\/span><\/p>\n<p><a href=\"https:\/\/naturduenger.bio\/wp-content\/uploads\/2026\/02\/Anhydritstaub_2025-11-27-1.pdf\">Anhydritstaub_2025-11-27<\/a><\/p>\n<p>&nbsp;<\/p>\n<p><strong>Granugips, das granulierte Spitzenprodukt<\/strong><\/p>\n<p><strong> <img loading=\"lazy\" decoding=\"async\" class=\"alignnone size-medium wp-image-351\" src=\"https:\/\/naturduenger.bio\/wp-content\/uploads\/2026\/02\/Granugips-1-225x300.jpg\" alt=\"\" width=\"225\" height=\"300\" srcset=\"https:\/\/naturduenger.bio\/wp-content\/uploads\/2026\/02\/Granugips-1-225x300.jpg 225w, https:\/\/naturduenger.bio\/wp-content\/uploads\/2026\/02\/Granugips-1-768x1024.jpg 768w, https:\/\/naturduenger.bio\/wp-content\/uploads\/2026\/02\/Granugips-1-1152x1536.jpg 1152w, https:\/\/naturduenger.bio\/wp-content\/uploads\/2026\/02\/Granugips-1-1200x1600.jpg 1200w, https:\/\/naturduenger.bio\/wp-content\/uploads\/2026\/02\/Granugips-1-rotated.jpg 1457w\" sizes=\"auto, (max-width: 225px) 85vw, 225px\" \/><\/strong><\/p>\n<p><strong>Gehalte:<\/strong> 20% S wasserl\u00f6slicher Schwefel<\/p>\n<p>28% Ca Calcium<\/p>\n<p><strong>K\u00f6rnung:<\/strong>\u00a0 3 \u2013 5 mm ca. 80%<\/p>\n<p>2 \u2013 6 mm ca. 87%<\/p>\n<p>Besonders gut streu und lagerf\u00e4hig<\/p>\n<p>Streubreiten bis 34 m lassen sich mit der richtigen Technik realisieren<\/p>\n<p>pH neutral<\/p>\n<p>Zugelassen f\u00fcr den \u00f6kologischen Landbau gem\u00e4\u00df EU-\u00d6ko-Verordnung<\/p>\n<p>Lieferung lose im Kipper, im BigBag (1t) und als Sackware (25kg)<\/p>\n<p><a href=\"https:\/\/naturduenger.bio\/wp-content\/uploads\/2026\/01\/Kennzeichnung-GranuGips-5392.7700.pdf\">Kennzeichnung GranuGips 5392.7700<\/a><\/p>\n<p><span style=\"color: #008000;\"><strong>FIBL Listung:<\/strong><\/span><\/p>\n<p><a href=\"https:\/\/naturduenger.bio\/wp-content\/uploads\/2026\/02\/GranuGips\u00ae_2025-11-27-2.pdf\">GranuGips\u00ae_2025-11-27<\/a><\/p>\n<h1 style=\"text-align: center;\"><strong>REA \u2013 Gips:<\/strong><\/h1>\n<p>Calciumsulfat, mehliges Produkt, erdfeucht, lose<\/p>\n<p>Vorbeugung von Bodenverkrustungen und Bodenverdichtungen<\/p>\n<p>Sofort pflanzenverf\u00fcgbarer Schwefel.<\/p>\n<p><strong>Gehalte:<\/strong> 17% S wasserl\u00f6slicher Schwefel<\/p>\n<p>21% Ca Calcium<\/p>\n<p>pH neutral<\/p>\n<p>Allrounder f\u00fcr die konventionelle Landwirtschaft<\/p>\n<p>Lieferung lose im Kipper<\/p>\n<ul>\n<li data-hveid=\"CAEIABAK\"><span class=\"T286Pc\" data-sfc-cp=\"\"><strong class=\"Yjhzub\">Prozess:<!--Sv6Kpe[]--><\/strong> In sogenannten Rauchgasentschwefelungsanlagen (REA) wird der Schwefel aus dem Abgas von Kraftwerken gefiltert.<!--Sv6Kpe[]--><\/span><!--Sv6Kpe[]--><!--Sv6Kpe[]--><\/li>\n<li data-hveid=\"CAEIABAO\"><span class=\"T286Pc\" data-sfc-cp=\"\"><strong class=\"Yjhzub\">Gewinnung:<!--Sv6Kpe[]--><\/strong> Nach der Reaktion wird der Gips gewaschen, gefiltert und getrocknet, um ein reines, feink\u00f6rniges Material zu erhalten.<!--Sv6Kpe[]--><\/span><span class=\"uJ19be notranslate\" data-wiz-uids=\"OaA89d_15,OaA89d_16,OaA89d_17\"><span class=\"vKEkVd\" data-animation-atomic=\"\" data-wiz-attrbind=\"class=OaA89d_15\/TKHnVd;\">\u00a0<\/span><\/span><\/li>\n<\/ul>\n\n\n<div class=\"wp-block-group is-nowrap is-layout-flex wp-container-core-group-is-layout-ad2f72ca wp-block-group-is-layout-flex\"><\/div>\n\n\n\n<div class=\"wp-block-group is-nowrap is-layout-flex wp-container-core-group-is-layout-ad2f72ca wp-block-group-is-layout-flex\"><\/div>\n","protected":false},"excerpt":{"rendered":"<p>Rotgips ungesiebt und Rotgips gesiebt Naturgips in verschiedenen Vermahlungen Flyer und Berichte Rotgips: Loses Feinkorn, erdfeucht Calcium-Dihydrat fein vermahlen dadurch sofort pflanzenverf\u00fcgbarer Schwefel. Verbesserung der Bodenstruktur Gehalte: 14% S wasserl\u00f6slicher Schwefel 23% Ca Calcium pH neutral Zugelassen f\u00fcr den \u00f6kologischen Landbau gem\u00e4\u00df EU-\u00d6ko-Verordnung Lieferung lose im Kipper Kennzeichnung Rotgips_20230516 (B) FIBL Listung: Rotgips\u00ae_2025-11-27 Naturanhydrit: Loses &hellip; <a href=\"https:\/\/naturduenger.bio\/index.php\/naturgips\/\" class=\"more-link\"><span class=\"screen-reader-text\">\u201eNaturgips und REA Gips\u201c <\/span>weiterlesen<\/a><\/p>\n","protected":false},"author":1,"featured_media":0,"parent":0,"menu_order":0,"comment_status":"closed","ping_status":"closed","template":"","meta":{"footnotes":""},"class_list":["post-94","page","type-page","status-publish","hentry"],"_links":{"self":[{"href":"https:\/\/naturduenger.bio\/index.php\/wp-json\/wp\/v2\/pages\/94","targetHints":{"allow":["GET"]}}],"collection":[{"href":"https:\/\/naturduenger.bio\/index.php\/wp-json\/wp\/v2\/pages"}],"about":[{"href":"https:\/\/naturduenger.bio\/index.php\/wp-json\/wp\/v2\/types\/page"}],"author":[{"embeddable":true,"href":"https:\/\/naturduenger.bio\/index.php\/wp-json\/wp\/v2\/users\/1"}],"replies":[{"embeddable":true,"href":"https:\/\/naturduenger.bio\/index.php\/wp-json\/wp\/v2\/comments?post=94"}],"version-history":[{"count":22,"href":"https:\/\/naturduenger.bio\/index.php\/wp-json\/wp\/v2\/pages\/94\/revisions"}],"predecessor-version":[{"id":396,"href":"https:\/\/naturduenger.bio\/index.php\/wp-json\/wp\/v2\/pages\/94\/revisions\/396"}],"wp:attachment":[{"href":"https:\/\/naturduenger.bio\/index.php\/wp-json\/wp\/v2\/media?parent=94"}],"curies":[{"name":"wp","href":"https:\/\/api.w.org\/{rel}","templated":true}]}}