{"id":325,"date":"2026-01-13T17:54:59","date_gmt":"2026-01-13T16:54:59","guid":{"rendered":"http:\/\/naturduenger.bio\/?page_id=325"},"modified":"2026-02-01T16:11:49","modified_gmt":"2026-02-01T15:11:49","slug":"vulcolit","status":"publish","type":"page","link":"https:\/\/naturduenger.bio\/index.php\/vulcolit\/","title":{"rendered":"Vulcolit\u00ae"},"content":{"rendered":"\n<p><\/p>\n\n\n\n<h2 class=\"wp-block-heading\">Mineralischer Zuschlagstoff Vulcolit\u00ae<\/h2>\n\n\n\n<p><br><strong>Informationen<\/strong>:<\/p>\n\n\n\n<p>Vulcolit\u00ae ist ein nat\u00fcrlicher Zuschlagstoff mineralischen Ursprungs.<br>Das Besondere ist seine sehr hohe Porosit\u00e4t von 90 %, seine geringe Sch\u00fcttdichte sowie sein \u00fcberragendes Wasseraufnahmeverm\u00f6gen.<br>Vulcolit\u00ae kann ein Vielfaches seines Eigengewichtes an Wasser aufnehmen.<br>Da das Wasser in den feinen Hohlr\u00e4umen gespeichert wird, wird es langsam und gleichm\u00e4\u00dfig wieder an die umgebende Tretschicht abgegeben.<\/p>\n\n\n\n<p>Besonders in Zeiten zunehmender Trockenheit zeigt Vulcolit\u00ae hier enorme Vorteile: Die Bew\u00e4sserungsintervalle verl\u00e4ngern sich deutlich, wodurch Wasser eingespart und der Arbeitsaufwand reduziert wird. Anwender berichten von einer Wasserersparnis von bis zu 40 bis 50\u202f%, abh\u00e4ngig von der Sandart und -qualit\u00e4t sowie Standortfaktoren wie Beschattung, Sonneneinstrahlung sowie davon, ob es sich um eine Reithalle oder einen Au\u00dfenplatz handelt.<br>F\u00fcr den Fall, dass \u00fcbersch\u00fcssiges Wasser \u2013 beispielsweise nach Regenereignissen  durch Vulcolit\u00ae gebunden werden soll, muss nat\u00fcrlich ber\u00fccksichtigt werden, dass auch das Wasseraufnahmeverm\u00f6gen von Vulcolit\u00ae irgendwann begrenzt ist. Ist das Material vollst\u00e4ndig mit Wasser ges\u00e4ttigt, kann es kein weiteres Wasser mehr aufnehmen. In solchen F\u00e4llen kann es daher weiterhin zu Staun\u00e4sse oder Pf\u00fctzenbildung kommen. Erfahrungsgem\u00e4\u00df ist eine funktionierende<br>Entw\u00e4sserung bspw. durch Drainage oder Platzgef\u00e4lle erforderlich.<br>Auch im Hinblick auf die Umweltvertr\u00e4glichkeit weist Vulcolit\u00ae positive Eigenschaften gegen\u00fcber den herk\u00f6mmlichen Zuschlagstoffen auf.<\/p>\n\n\n\n<p>Vulcolit\u00ae ist ein inertes, rein mineralisches Naturprodukt und wird im Gegensatz zu organischen Zuschlagstoffen wie bspw. Holzhackschnitzeln oder Naturfasern nicht abgebaut.<br>Des Weiteren entsteht bei dem Einsatz von Vulcolit\u00ae keinerlei Sporenbildung.<br>Insbesondere gegen\u00fcber den bisher im Reitsport weit verbreiteten Vliesschnitzeln ist Vulcolit\u00ae eine umweltfreundliche Alternative.<br>Die mit dem Einsatz von Vlies verbundenen enormen Probleme wie die Freisetzung von Mikroplastik oder die hohen Entsorgungskosten bei Austausch der Tretschicht sind bei Einsatz von Vulcolit\u00ae kein Thema.<\/p>\n\n\n\n<p>Vulcolit\u00ae sorgt f\u00fcr optimale Bedingungen auf Trainings- und Turnierpl\u00e4tzen.<br>Besonders entscheidend sind dabei ein weiches, gelenkschonendes Auffu\u00dfen sowie eine hohe Scherkraftaufnahme.<br>In Laborversuchen konnte eine Steigerung der Scherfestigkeit um bis zu 85 % durch den Einsatz von Vulcolit\u00ae nachgewiesen werden.<br>Bitte beachten Sie, dass die konkrete Wirkung von Vulcolit\u00ae von der jeweiligen Sandart und -qualit\u00e4t abh\u00e4ngt und die geschilderten Erfahrungswerte unserer Kunden daher nicht 1:1 auf andere Pl\u00e4tze \u00fcbertragbar sind.<\/p>\n\n\n\n<div data-wp-interactive=\"core\/file\" class=\"wp-block-file\"><object data-wp-bind--hidden=\"!state.hasPdfPreview\" hidden class=\"wp-block-file__embed\" data=\"https:\/\/naturduenger.bio\/wp-content\/uploads\/2026\/01\/Vulcolit-Beschreibung.pdf\" type=\"application\/pdf\" style=\"width:100%;height:600px\" aria-label=\"Einbettung von Einbettung von Vulcolit Beschreibung..\"><\/object><a id=\"wp-block-file--media-674bebb1-9a8e-43d9-baa6-0778c72b73ca\" href=\"https:\/\/naturduenger.bio\/wp-content\/uploads\/2026\/01\/Vulcolit-Beschreibung.pdf\">Vulcolit Beschreibung<\/a><a href=\"https:\/\/naturduenger.bio\/wp-content\/uploads\/2026\/01\/Vulcolit-Beschreibung.pdf\" class=\"wp-block-file__button\" download aria-describedby=\"wp-block-file--media-674bebb1-9a8e-43d9-baa6-0778c72b73ca\">Herunterladen<\/a><\/div>\n\n\n\n<div data-wp-interactive=\"core\/file\" class=\"wp-block-file\"><object data-wp-bind--hidden=\"!state.hasPdfPreview\" hidden class=\"wp-block-file__embed\" data=\"https:\/\/naturduenger.bio\/wp-content\/uploads\/2026\/01\/Anwendung-Vulcolit.pdf\" type=\"application\/pdf\" style=\"width:100%;height:600px\" aria-label=\"Einbettung von Einbettung von Anwendung Vulcolit..\"><\/object><a id=\"wp-block-file--media-ea3a2546-7aa2-4139-9782-4b8e0a4f056f\" href=\"https:\/\/naturduenger.bio\/wp-content\/uploads\/2026\/01\/Anwendung-Vulcolit.pdf\">Anwendung Vulcolit<\/a><a href=\"https:\/\/naturduenger.bio\/wp-content\/uploads\/2026\/01\/Anwendung-Vulcolit.pdf\" class=\"wp-block-file__button\" download aria-describedby=\"wp-block-file--media-ea3a2546-7aa2-4139-9782-4b8e0a4f056f\">Herunterladen<\/a><\/div>\n","protected":false},"excerpt":{"rendered":"<p>Mineralischer Zuschlagstoff Vulcolit\u00ae Informationen: Vulcolit\u00ae ist ein nat\u00fcrlicher Zuschlagstoff mineralischen Ursprungs.Das Besondere ist seine sehr hohe Porosit\u00e4t von 90 %, seine geringe Sch\u00fcttdichte sowie sein \u00fcberragendes Wasseraufnahmeverm\u00f6gen.Vulcolit\u00ae kann ein Vielfaches seines Eigengewichtes an Wasser aufnehmen.Da das Wasser in den feinen Hohlr\u00e4umen gespeichert wird, wird es langsam und gleichm\u00e4\u00dfig wieder an die umgebende Tretschicht abgegeben. Besonders &hellip; <a href=\"https:\/\/naturduenger.bio\/index.php\/vulcolit\/\" class=\"more-link\"><span class=\"screen-reader-text\">\u201eVulcolit\u00ae\u201c <\/span>weiterlesen<\/a><\/p>\n","protected":false},"author":1,"featured_media":354,"parent":0,"menu_order":0,"comment_status":"closed","ping_status":"closed","template":"","meta":{"footnotes":""},"class_list":["post-325","page","type-page","status-publish","has-post-thumbnail","hentry"],"_links":{"self":[{"href":"https:\/\/naturduenger.bio\/index.php\/wp-json\/wp\/v2\/pages\/325","targetHints":{"allow":["GET"]}}],"collection":[{"href":"https:\/\/naturduenger.bio\/index.php\/wp-json\/wp\/v2\/pages"}],"about":[{"href":"https:\/\/naturduenger.bio\/index.php\/wp-json\/wp\/v2\/types\/page"}],"author":[{"embeddable":true,"href":"https:\/\/naturduenger.bio\/index.php\/wp-json\/wp\/v2\/users\/1"}],"replies":[{"embeddable":true,"href":"https:\/\/naturduenger.bio\/index.php\/wp-json\/wp\/v2\/comments?post=325"}],"version-history":[{"count":2,"href":"https:\/\/naturduenger.bio\/index.php\/wp-json\/wp\/v2\/pages\/325\/revisions"}],"predecessor-version":[{"id":339,"href":"https:\/\/naturduenger.bio\/index.php\/wp-json\/wp\/v2\/pages\/325\/revisions\/339"}],"wp:featuredmedia":[{"embeddable":true,"href":"https:\/\/naturduenger.bio\/index.php\/wp-json\/wp\/v2\/media\/354"}],"wp:attachment":[{"href":"https:\/\/naturduenger.bio\/index.php\/wp-json\/wp\/v2\/media?parent=325"}],"curies":[{"name":"wp","href":"https:\/\/api.w.org\/{rel}","templated":true}]}}