{"id":317,"date":"2026-01-13T09:13:24","date_gmt":"2026-01-13T08:13:24","guid":{"rendered":"http:\/\/naturduenger.bio\/?page_id=317"},"modified":"2026-01-13T09:13:24","modified_gmt":"2026-01-13T08:13:24","slug":"zeolith-2","status":"publish","type":"page","link":"https:\/\/naturduenger.bio\/index.php\/zeolith-2\/","title":{"rendered":"Zeolith"},"content":{"rendered":"\n<h2 class=\"wp-block-heading\">Informationen zu Anwendungsbereichen von ZeoDry<\/h2>\n\n\n\n<p><br>ZeoDry ist f\u00e4hig aufgrund von Adsorptionsprozessen z.B. durch Ionenaustausch- Reaktionen, verschiedene Stoffe zu binden. Die Sorbtionseigenschaften von ZeoDry k\u00f6nnen in der Praxis in vielen Bereichen eingesetzt werden, hierzu geh\u00f6rt die Pflanzen- als auch die Tierproduktion.<br>Durch die Anwendung von ZeoDry im Tierstreubereich wird eine Geruchsreduktion und eine Verbesserung der Umgebung in der Tierhaltung erzielt. Die F\u00e4higkeit von ZeoDry, Ammoniumionen sehr gut zu binden, spielt hierbei eine entscheidende Rolle.<br>ZeoDry kann auch bei der Verarbeitung von G\u00fclle und Abw\u00e4ssern aus der Tierhaltung eingesetzt werden, wobei in der fl\u00fcssigen Phase die Konzentration der NH4+ -Ionen betr\u00e4chtlich reduziert wird.<br>Auch die Volatilisierung von Stickstoff aus G\u00fclle in die Atmosph\u00e4re l\u00e4sst sich mittels ZeoDry deutlich reduzieren.<br>ZeoDry wirkt sich auch positiv auf die Verarbeitung dieser Abf\u00e4lle als D\u00fcngemittel aus. ZeoDry, welches mit Ammonium-Stickstoff angereichert ist, kann f\u00fcr die Zubereitung von D\u00fcngemitteln oder D\u00fcngemittelsubstraten eingesetzt werden. Es wirkt als Depot f\u00fcr Ammonium-Stickstoff und verhindert das schnelle Auswaschen auf leichten B\u00f6den.<br>Im Anhang finden Sie eine Beschreibung von der Wirkung von Zeolith beim Tier.<\/p>\n\n\n\n<div data-wp-interactive=\"core\/file\" class=\"wp-block-file\"><object data-wp-bind--hidden=\"!state.hasPdfPreview\" hidden class=\"wp-block-file__embed\" data=\"https:\/\/naturduenger.bio\/wp-content\/uploads\/2026\/01\/Wirkung-von-Zeolith-beim-Tier.pdf\" type=\"application\/pdf\" style=\"width:100%;height:600px\" aria-label=\"Einbettung von Einbettung von Wirkung-von-Zeolith-beim-Tier..\"><\/object><a id=\"wp-block-file--media-6870ca98-8bfc-4078-bd30-59e508386395\" href=\"https:\/\/naturduenger.bio\/wp-content\/uploads\/2026\/01\/Wirkung-von-Zeolith-beim-Tier.pdf\">Wirkung-von-Zeolith-beim-Tier<\/a><a href=\"https:\/\/naturduenger.bio\/wp-content\/uploads\/2026\/01\/Wirkung-von-Zeolith-beim-Tier.pdf\" class=\"wp-block-file__button\" download aria-describedby=\"wp-block-file--media-6870ca98-8bfc-4078-bd30-59e508386395\">Herunterladen<\/a><\/div>\n","protected":false},"excerpt":{"rendered":"<p>Informationen zu Anwendungsbereichen von ZeoDry ZeoDry ist f\u00e4hig aufgrund von Adsorptionsprozessen z.B. durch Ionenaustausch- Reaktionen, verschiedene Stoffe zu binden. Die Sorbtionseigenschaften von ZeoDry k\u00f6nnen in der Praxis in vielen Bereichen eingesetzt werden, hierzu geh\u00f6rt die Pflanzen- als auch die Tierproduktion.Durch die Anwendung von ZeoDry im Tierstreubereich wird eine Geruchsreduktion und eine Verbesserung der Umgebung in &hellip; <a href=\"https:\/\/naturduenger.bio\/index.php\/zeolith-2\/\" class=\"more-link\"><span class=\"screen-reader-text\">\u201eZeolith\u201c <\/span>weiterlesen<\/a><\/p>\n","protected":false},"author":1,"featured_media":0,"parent":0,"menu_order":0,"comment_status":"closed","ping_status":"closed","template":"","meta":{"footnotes":""},"class_list":["post-317","page","type-page","status-publish","hentry"],"_links":{"self":[{"href":"https:\/\/naturduenger.bio\/index.php\/wp-json\/wp\/v2\/pages\/317","targetHints":{"allow":["GET"]}}],"collection":[{"href":"https:\/\/naturduenger.bio\/index.php\/wp-json\/wp\/v2\/pages"}],"about":[{"href":"https:\/\/naturduenger.bio\/index.php\/wp-json\/wp\/v2\/types\/page"}],"author":[{"embeddable":true,"href":"https:\/\/naturduenger.bio\/index.php\/wp-json\/wp\/v2\/users\/1"}],"replies":[{"embeddable":true,"href":"https:\/\/naturduenger.bio\/index.php\/wp-json\/wp\/v2\/comments?post=317"}],"version-history":[{"count":1,"href":"https:\/\/naturduenger.bio\/index.php\/wp-json\/wp\/v2\/pages\/317\/revisions"}],"predecessor-version":[{"id":318,"href":"https:\/\/naturduenger.bio\/index.php\/wp-json\/wp\/v2\/pages\/317\/revisions\/318"}],"wp:attachment":[{"href":"https:\/\/naturduenger.bio\/index.php\/wp-json\/wp\/v2\/media?parent=317"}],"curies":[{"name":"wp","href":"https:\/\/api.w.org\/{rel}","templated":true}]}}