{"id":303,"date":"2026-01-12T18:51:03","date_gmt":"2026-01-12T17:51:03","guid":{"rendered":"http:\/\/naturduenger.bio\/?page_id=303"},"modified":"2026-02-01T17:49:16","modified_gmt":"2026-02-01T16:49:16","slug":"produktfamilie-pferd","status":"publish","type":"page","link":"https:\/\/naturduenger.bio\/index.php\/produktfamilie-pferd\/","title":{"rendered":"Produktfamilie Pferd"},"content":{"rendered":"\n<p>Auf dieser Seite finden Sie Stalleinstreu und ein mineralisches Produkt f\u00fcr die Konditionierung von Reitpl\u00e4tzen. Alle Produkte sind nat\u00fcrlichen Ursprungs und auf Vertr\u00e4glichkeit gepr\u00fcft.<\/p>\n\n\n\n<p><strong>LuxorPur<\/strong>\u00aeund <strong>LuxorSoft<\/strong>\u00aesind f\u00fcr den \u00f6kologischen Landbau zugelassen.<\/p>\n\n\n\n<p>Auch im Pferdebereich kann ein <strong>Hygienekalk<\/strong> eingesetzt werden um die Keimbelastung zu reduzieren und die Fliegenpopulation einzud\u00e4mmen. Fels CalciDes hat auch hier seine Einsatzm\u00f6glichkeiten.<\/p>\n\n\n\n<p><strong>Vulcolit<\/strong>\u00aeist ein Produkt vulkanischen Ursprungs und stark Feuchtigkeitsspeichernd und &#8211; regulierend. Ideal f\u00fcr Reitpl\u00e4tze, Reithallen, Paddocks etc.<\/p>\n\n\n\n<p><strong>Zeolith<\/strong> als <strong>ZeoDry<\/strong>\u00aeist nat\u00fcrlich auch wieder aufgef\u00fchrt, da dieses Produkt bei diversen Anwendungen zum Wohl des Tieres beitr\u00e4gt.<\/p>\n","protected":false},"excerpt":{"rendered":"<p>Auf dieser Seite finden Sie Stalleinstreu und ein mineralisches Produkt f\u00fcr die Konditionierung von Reitpl\u00e4tzen. Alle Produkte sind nat\u00fcrlichen Ursprungs und auf Vertr\u00e4glichkeit gepr\u00fcft. LuxorPur\u00aeund LuxorSoft\u00aesind f\u00fcr den \u00f6kologischen Landbau zugelassen. Auch im Pferdebereich kann ein Hygienekalk eingesetzt werden um die Keimbelastung zu reduzieren und die Fliegenpopulation einzud\u00e4mmen. Fels CalciDes hat auch hier seine Einsatzm\u00f6glichkeiten. &hellip; <a href=\"https:\/\/naturduenger.bio\/index.php\/produktfamilie-pferd\/\" class=\"more-link\"><span class=\"screen-reader-text\">\u201eProduktfamilie Pferd\u201c <\/span>weiterlesen<\/a><\/p>\n","protected":false},"author":1,"featured_media":0,"parent":0,"menu_order":0,"comment_status":"closed","ping_status":"closed","template":"","meta":{"footnotes":""},"class_list":["post-303","page","type-page","status-publish","hentry"],"_links":{"self":[{"href":"https:\/\/naturduenger.bio\/index.php\/wp-json\/wp\/v2\/pages\/303","targetHints":{"allow":["GET"]}}],"collection":[{"href":"https:\/\/naturduenger.bio\/index.php\/wp-json\/wp\/v2\/pages"}],"about":[{"href":"https:\/\/naturduenger.bio\/index.php\/wp-json\/wp\/v2\/types\/page"}],"author":[{"embeddable":true,"href":"https:\/\/naturduenger.bio\/index.php\/wp-json\/wp\/v2\/users\/1"}],"replies":[{"embeddable":true,"href":"https:\/\/naturduenger.bio\/index.php\/wp-json\/wp\/v2\/comments?post=303"}],"version-history":[{"count":3,"href":"https:\/\/naturduenger.bio\/index.php\/wp-json\/wp\/v2\/pages\/303\/revisions"}],"predecessor-version":[{"id":335,"href":"https:\/\/naturduenger.bio\/index.php\/wp-json\/wp\/v2\/pages\/303\/revisions\/335"}],"wp:attachment":[{"href":"https:\/\/naturduenger.bio\/index.php\/wp-json\/wp\/v2\/media?parent=303"}],"curies":[{"name":"wp","href":"https:\/\/api.w.org\/{rel}","templated":true}]}}