{"id":301,"date":"2026-01-12T18:51:24","date_gmt":"2026-01-12T17:51:24","guid":{"rendered":"http:\/\/naturduenger.bio\/?page_id=301"},"modified":"2026-02-01T17:51:17","modified_gmt":"2026-02-01T16:51:17","slug":"stalleinstreu-fuer-pferdestaelle","status":"publish","type":"page","link":"https:\/\/naturduenger.bio\/index.php\/stalleinstreu-fuer-pferdestaelle\/","title":{"rendered":"Stalleinstreu f\u00fcr Pferdest\u00e4lle"},"content":{"rendered":"\n<div data-wp-interactive=\"core\/file\" class=\"wp-block-file\"><object data-wp-bind--hidden=\"!state.hasPdfPreview\" hidden class=\"wp-block-file__embed\" data=\"https:\/\/naturduenger.bio\/wp-content\/uploads\/2026\/01\/Einstreu-Pferde.pdf\" type=\"application\/pdf\" style=\"width:100%;height:600px\" aria-label=\"Einbettung von Einstreu Pferde.\"><\/object><a id=\"wp-block-file--media-31ab8f10-9ce4-4887-b73d-61aa625193f5\" href=\"https:\/\/naturduenger.bio\/wp-content\/uploads\/2026\/01\/Einstreu-Pferde.pdf\">Einstreu Pferde<\/a><a href=\"https:\/\/naturduenger.bio\/wp-content\/uploads\/2026\/01\/Einstreu-Pferde.pdf\" class=\"wp-block-file__button wp-element-button\" download aria-describedby=\"wp-block-file--media-31ab8f10-9ce4-4887-b73d-61aa625193f5\">Herunterladen<\/a><\/div>\n\n\n\n<p> Bei unseren Produkten handelt es sich um mineralische Zusatzstreu, die in Kombination mit organischer Einstreu verwendet wird. Die Dosierung kann individuell nach Bedarf erfolgen \u2013 wir empfehlen eine Einstreumenge von ca. 150\u202fg\/m\u00b2.<\/p>\n\n\n\n<p> In besonders feuchten Bereichen, z.\u202fB. bei der Tr\u00e4nke oder bevorzugten Pinkelstellen, darf gerne etwas gro\u00dfz\u00fcgiger dosiert werden. <\/p>\n\n\n\n<p>Unsere Einstreuprodukte f\u00fcr Pferde absorbieren effektiv Feuchtigkeit und k\u00f6nnen so die Hufqualit\u00e4t verbessern und den Ammoniakgeruch reduzieren. Die Luftqualit\u00e4t im Stall wird erh\u00f6ht, wodurch die Atemwege entlastet werden. Die Reinigung ist einfach, da der Mist nicht klebt, und die Einstreu gew\u00e4hrleistet rutschfesten Halt f\u00fcr sicheres Stehen. Durch die Trocknungswirkung k\u00f6nnen beide Einstreuprodukte das Risiko von Pilzen, Bakterien, Viren, Fliegeneiern und Larven mindern. Zudem enthalten beide Einstreuprodukte wertvolle N\u00e4hrstoffe wie Calcium und Magnesium, die den Mist zu einem hochwertigen D\u00fcnger machen. Unsere Einstreu ist ein Naturprodukt und schwefelfrei, so dass die Einstreu auch problemlos in einer Biogasanlage entsorgt werden kann.  <\/p>\n\n\n\n<div data-wp-interactive=\"core\/file\" class=\"wp-block-file\"><object data-wp-bind--hidden=\"!state.hasPdfPreview\" hidden class=\"wp-block-file__embed\" data=\"https:\/\/naturduenger.bio\/wp-content\/uploads\/2026\/01\/Infosheet-Einstreu-Pferde.pdf\" type=\"application\/pdf\" style=\"width:100%;height:600px\" aria-label=\"Einbettung von Infosheet Einstreu Pferde.\"><\/object><a id=\"wp-block-file--media-d166dd18-0c4a-4e6c-b85a-a23058aa5029\" href=\"https:\/\/naturduenger.bio\/wp-content\/uploads\/2026\/01\/Infosheet-Einstreu-Pferde.pdf\">Infosheet Einstreu Pferde<\/a><a href=\"https:\/\/naturduenger.bio\/wp-content\/uploads\/2026\/01\/Infosheet-Einstreu-Pferde.pdf\" class=\"wp-block-file__button wp-element-button\" download aria-describedby=\"wp-block-file--media-d166dd18-0c4a-4e6c-b85a-a23058aa5029\">Herunterladen<\/a><\/div>\n\n\n\n<p><\/p>\n\n\n\n<p>Hygienekalk CalciDes ist f\u00fcr die Behandlung \u00fcberm\u00e4\u00dfiger Fliegenpopulationen und Keimbelastungen im Stall geeignet. Der erh\u00f6hte pH-Wert ist dabei trotzdem hautfreundlich.<\/p>\n\n\n\n<div data-wp-interactive=\"core\/file\" class=\"wp-block-file\"><object data-wp-bind--hidden=\"!state.hasPdfPreview\" hidden class=\"wp-block-file__embed\" data=\"https:\/\/naturduenger.bio\/wp-content\/uploads\/2018\/01\/Hygienekalk-Pferde.pdf\" type=\"application\/pdf\" style=\"width:100%;height:600px\" aria-label=\"Einbettung von Hygienekalk Pferde.\"><\/object><a id=\"wp-block-file--media-1fd0bb3e-a371-4db2-ad02-d7f89cce355d\" href=\"https:\/\/naturduenger.bio\/wp-content\/uploads\/2018\/01\/Hygienekalk-Pferde.pdf\">Hygienekalk Pferde<\/a><a href=\"https:\/\/naturduenger.bio\/wp-content\/uploads\/2018\/01\/Hygienekalk-Pferde.pdf\" class=\"wp-block-file__button wp-element-button\" download aria-describedby=\"wp-block-file--media-1fd0bb3e-a371-4db2-ad02-d7f89cce355d\">Herunterladen<\/a><\/div>\n\n\n\n<p><\/p>\n\n\n\n<h2 class=\"wp-block-heading\">Informationen zu Anwendungsbereichen von ZeoDry \u00ae<\/h2>\n\n\n\n<p><br>ZeoDry\u00aeist f\u00e4hig aufgrund von Adsorptionsprozessen z.B. durch Ionenaustausch- Reaktionen, verschiedene Stoffe zu binden. Die Sorbtionseigenschaften von ZeoDry\u00ae k\u00f6nnen in der Praxis in vielen Bereichen eingesetzt werden, hierzu geh\u00f6rt die Pflanzen- als auch die Tierproduktion.<br>Durch die Anwendung von ZeoDry\u00ae im Tierstreubereich wird eine Geruchsreduktion und eine Verbesserung der Umgebung in der Tierhaltung erzielt. Die F\u00e4higkeit von ZeoDry\u00ae, Ammoniumionen sehr gut zu binden, spielt hierbei eine entscheidende Rolle.<br>ZeoDry kann auch bei der Verarbeitung von G\u00fclle und Abw\u00e4ssern aus der Tierhaltung eingesetzt werden, wobei in der fl\u00fcssigen Phase die Konzentration der NH4+ -Ionen betr\u00e4chtlich reduziert wird.<br>Auch die Volatilisierung von Stickstoff aus G\u00fclle in die Atmosph\u00e4re l\u00e4sst sich mittels ZeoDry deutlich reduzieren.<br>ZeoDry\u00ae wirkt sich auch positiv auf die Verarbeitung dieser Abf\u00e4lle als D\u00fcngemittel aus. ZeoDry\u00ae, welches mit Ammonium-Stickstoff angereichert ist, kann f\u00fcr die Zubereitung von D\u00fcngemitteln oder D\u00fcngemittelsubstraten eingesetzt werden. Es wirkt als Depot f\u00fcr Ammonium-Stickstoff und verhindert das schnelle Auswaschen auf leichten B\u00f6den.<br>Im Anhang finden Sie eine Beschreibung von der Wirkung von Zeolith beim Tier.<\/p>\n\n\n\n<p><a href=\"https:\/\/naturduenger.bio\/wp-content\/uploads\/2026\/01\/Wirkung-von-Zeolith-beim-Tier.pdf\" data-type=\"attachment\" data-id=\"316\">Wirkung-von-Zeolith-beim-Tier<\/a><\/p>\n\n\n\n<p><\/p>\n","protected":false},"excerpt":{"rendered":"<p>Bei unseren Produkten handelt es sich um mineralische Zusatzstreu, die in Kombination mit organischer Einstreu verwendet wird. Die Dosierung kann individuell nach Bedarf erfolgen \u2013 wir empfehlen eine Einstreumenge von ca. 150\u202fg\/m\u00b2. In besonders feuchten Bereichen, z.\u202fB. bei der Tr\u00e4nke oder bevorzugten Pinkelstellen, darf gerne etwas gro\u00dfz\u00fcgiger dosiert werden. Unsere Einstreuprodukte f\u00fcr Pferde absorbieren effektiv &hellip; <a href=\"https:\/\/naturduenger.bio\/index.php\/stalleinstreu-fuer-pferdestaelle\/\" class=\"more-link\"><span class=\"screen-reader-text\">\u201eStalleinstreu f\u00fcr Pferdest\u00e4lle\u201c <\/span>weiterlesen<\/a><\/p>\n","protected":false},"author":1,"featured_media":0,"parent":0,"menu_order":0,"comment_status":"closed","ping_status":"closed","template":"","meta":{"footnotes":""},"class_list":["post-301","page","type-page","status-publish","hentry"],"_links":{"self":[{"href":"https:\/\/naturduenger.bio\/index.php\/wp-json\/wp\/v2\/pages\/301","targetHints":{"allow":["GET"]}}],"collection":[{"href":"https:\/\/naturduenger.bio\/index.php\/wp-json\/wp\/v2\/pages"}],"about":[{"href":"https:\/\/naturduenger.bio\/index.php\/wp-json\/wp\/v2\/types\/page"}],"author":[{"embeddable":true,"href":"https:\/\/naturduenger.bio\/index.php\/wp-json\/wp\/v2\/users\/1"}],"replies":[{"embeddable":true,"href":"https:\/\/naturduenger.bio\/index.php\/wp-json\/wp\/v2\/comments?post=301"}],"version-history":[{"count":6,"href":"https:\/\/naturduenger.bio\/index.php\/wp-json\/wp\/v2\/pages\/301\/revisions"}],"predecessor-version":[{"id":439,"href":"https:\/\/naturduenger.bio\/index.php\/wp-json\/wp\/v2\/pages\/301\/revisions\/439"}],"wp:attachment":[{"href":"https:\/\/naturduenger.bio\/index.php\/wp-json\/wp\/v2\/media?parent=301"}],"curies":[{"name":"wp","href":"https:\/\/api.w.org\/{rel}","templated":true}]}}