{"id":287,"date":"2026-01-12T17:00:41","date_gmt":"2026-01-12T16:00:41","guid":{"rendered":"http:\/\/naturduenger.bio\/?page_id=287"},"modified":"2026-02-01T17:46:50","modified_gmt":"2026-02-01T16:46:50","slug":"einstreu-fuer-gefluegelstaelle","status":"publish","type":"page","link":"https:\/\/naturduenger.bio\/index.php\/einstreu-fuer-gefluegelstaelle\/","title":{"rendered":"Einstreu f\u00fcr Gefl\u00fcgelst\u00e4lle"},"content":{"rendered":"\n<p><\/p>\n\n\n\n<h2 class=\"wp-block-heading\">\u00d6kopur\u00aef\u00fcr Gefl\u00fcgel:<\/h2>\n\n\n\n<p><br>\u2022 trockenes mineralisches Stalleinstreuprodukt, lieferbar als \u201ezehn-kg\u201c Eimer und \u201e25 kg\u201c Sackware<br>\u2022 mildalkalisch mit einem pH-Wert von ca. 8,5<br>\u2022 bindet Feuchtigkeit und Schmutz<br>\u2022 reduziert Ammoniakger\u00fcche und verbessert so die Stallluft<br>\u2022 optimiert das Stallklima<br>\u2022 darf laut EU-\u00d6ko-Verordnung im \u00f6kologischen Landbau eingesetzt werden<\/p>\n\n\n\n<p><a href=\"https:\/\/naturduenger.bio\/wp-content\/uploads\/2026\/02\/Oekopur_2026-01-13-6.pdf\" data-type=\"attachment\" data-id=\"435\">\u00d6kopur_2026-01-13<\/a><\/p>\n\n\n\n<h2 class=\"wp-block-heading\"><br>\u00d6kosoft\u00ae f\u00fcr Gefl\u00fcgel:<\/h2>\n\n\n\n<p><br>\u2022 trockenes mineralisches Stalleinstreuprodukt, lieferbar als \u201ezehn-kg\u201c Eimer und \u201e25 kg\u201c Sackware<br>\u2022 mildalkalisch mit einem pH-Wert von ca. 9,5<br>\u2022 bindet Feuchtigkeit und Schmutz<br>\u2022 reduziert Ammoniakger\u00fcche und verbessert so die Stallluft<br>\u2022 optimiert das Stallklima<br>\u2022 sehr weich und hautfreundlich<br>\u2022 darf laut EU-\u00d6ko-Verordnung im \u00f6kologischen Landbau eingesetzt werden<\/p>\n\n\n\n<p><a href=\"https:\/\/naturduenger.bio\/wp-content\/uploads\/2026\/02\/Oekosoft\u00ae_2026-01-13-7.pdf\" data-type=\"attachment\" data-id=\"433\">\u00d6kosoft\u00ae_2026-01-13<\/a><\/p>\n\n\n\n<div data-wp-interactive=\"core\/file\" class=\"wp-block-file\"><object data-wp-bind--hidden=\"!state.hasPdfPreview\" hidden class=\"wp-block-file__embed\" data=\"https:\/\/naturduenger.bio\/wp-content\/uploads\/2026\/01\/20241206_Flyer_SEP-Gefluegelprodukte-Uebersicht_DRUCK.pdf\" type=\"application\/pdf\" style=\"width:100%;height:600px\" aria-label=\"Einbettung von 20241206_Flyer_SEP Gefluegelprodukte Uebersicht_DRUCK.\"><\/object><a id=\"wp-block-file--media-cfba0cfb-a3f5-46d3-bf70-2a3895ee86e3\" href=\"https:\/\/naturduenger.bio\/wp-content\/uploads\/2026\/01\/20241206_Flyer_SEP-Gefluegelprodukte-Uebersicht_DRUCK.pdf\">20241206_Flyer_SEP Gefluegelprodukte Uebersicht_DRUCK<\/a><a href=\"https:\/\/naturduenger.bio\/wp-content\/uploads\/2026\/01\/20241206_Flyer_SEP-Gefluegelprodukte-Uebersicht_DRUCK.pdf\" class=\"wp-block-file__button wp-element-button\" download aria-describedby=\"wp-block-file--media-cfba0cfb-a3f5-46d3-bf70-2a3895ee86e3\">Herunterladen<\/a><\/div>\n","protected":false},"excerpt":{"rendered":"<p>\u00d6kopur\u00aef\u00fcr Gefl\u00fcgel: \u2022 trockenes mineralisches Stalleinstreuprodukt, lieferbar als \u201ezehn-kg\u201c Eimer und \u201e25 kg\u201c Sackware\u2022 mildalkalisch mit einem pH-Wert von ca. 8,5\u2022 bindet Feuchtigkeit und Schmutz\u2022 reduziert Ammoniakger\u00fcche und verbessert so die Stallluft\u2022 optimiert das Stallklima\u2022 darf laut EU-\u00d6ko-Verordnung im \u00f6kologischen Landbau eingesetzt werden \u00d6kopur_2026-01-13 \u00d6kosoft\u00ae f\u00fcr Gefl\u00fcgel: \u2022 trockenes mineralisches Stalleinstreuprodukt, lieferbar als \u201ezehn-kg\u201c Eimer &hellip; <a href=\"https:\/\/naturduenger.bio\/index.php\/einstreu-fuer-gefluegelstaelle\/\" class=\"more-link\"><span class=\"screen-reader-text\">\u201eEinstreu f\u00fcr Gefl\u00fcgelst\u00e4lle\u201c <\/span>weiterlesen<\/a><\/p>\n","protected":false},"author":1,"featured_media":0,"parent":0,"menu_order":0,"comment_status":"closed","ping_status":"closed","template":"","meta":{"footnotes":""},"class_list":["post-287","page","type-page","status-publish","hentry"],"_links":{"self":[{"href":"https:\/\/naturduenger.bio\/index.php\/wp-json\/wp\/v2\/pages\/287","targetHints":{"allow":["GET"]}}],"collection":[{"href":"https:\/\/naturduenger.bio\/index.php\/wp-json\/wp\/v2\/pages"}],"about":[{"href":"https:\/\/naturduenger.bio\/index.php\/wp-json\/wp\/v2\/types\/page"}],"author":[{"embeddable":true,"href":"https:\/\/naturduenger.bio\/index.php\/wp-json\/wp\/v2\/users\/1"}],"replies":[{"embeddable":true,"href":"https:\/\/naturduenger.bio\/index.php\/wp-json\/wp\/v2\/comments?post=287"}],"version-history":[{"count":3,"href":"https:\/\/naturduenger.bio\/index.php\/wp-json\/wp\/v2\/pages\/287\/revisions"}],"predecessor-version":[{"id":438,"href":"https:\/\/naturduenger.bio\/index.php\/wp-json\/wp\/v2\/pages\/287\/revisions\/438"}],"wp:attachment":[{"href":"https:\/\/naturduenger.bio\/index.php\/wp-json\/wp\/v2\/media?parent=287"}],"curies":[{"name":"wp","href":"https:\/\/api.w.org\/{rel}","templated":true}]}}