{"id":26,"date":"2016-05-17T15:53:52","date_gmt":"2016-05-17T13:53:52","guid":{"rendered":"http:\/\/naturduenger.bio\/?page_id=26"},"modified":"2026-01-13T08:41:00","modified_gmt":"2026-01-13T07:41:00","slug":"willkommen-bei-naturduenger-bio","status":"publish","type":"page","link":"https:\/\/naturduenger.bio\/","title":{"rendered":"Willkommen bei Naturduenger.Bio"},"content":{"rendered":"\n<p><a href=\"http:\/\/www.naturduenger.bio\">www.naturduenger.bio<\/a> ist die logische Konsequenz unserer langj\u00e4hrigen T\u00e4tigkeit im Schlie\u00dfen von N\u00e4hrstoffkreisl\u00e4ufen. Die H &amp; W Remmert GmbH handelt seit Jahren mit Wirtschaftsd\u00fcngern aus den viehreichen Regionen Niedersachsens und Nordrhein-Westfalens und vertreibt diese als D\u00fcnger und Biogassubstrat in den Ackerbauregionen Niedersachsens und Sachsen-Anhalts.<\/p>\n\n\n\n<p>Um Leerfahrten der Transporteure zu vermeiden, haben wir uns auch dem Handel mit D\u00fcnge- und Hygienekalken gewidmet.<\/p>\n\n\n\n<p>Damit diese Produkte auch ihre Anwendung finden, haben wir uns mittlerweile ein beachtliches Fachwissen angeeignet, durch Teilnahme an Bildungs- und Forschungsprojekten sowie speziellen Schulungen und Fachtagungen. Dadurch sind wir in der Lage unsere Kunden in der Anwendung der verschiedenen Produkte zu beraten.<\/p>\n\n\n\n<p>Die T\u00e4tigkeit beschr\u00e4nkt sich nicht mehr nur auf den konventionellen Bereich, sondern auch auf den Bereich der biologischen Landwirtschaft und dem konventionellen und biologischen Gartenbau.<\/p>\n\n\n\n<p>Die Stalleinstreu ist ein wichtiger Bestandteil f\u00fcr das Tierwohl, die allgemeine Gesundheit und die Stallhygiene. Die Produkte bestehen aus verschiedenen Gesteinsmehlen und sind f\u00fcr spezielle Anwendungen konditioniert. Details finden Sie unter <strong>Stalleinstreu.<\/strong><\/p>\n\n\n\n<p>Neu hinzugekommen ist <span style=\"color: #ff0000;\">Zeodry.<\/span><\/p>\n\n\n\n<p>Ein Einstreuprodukt zur Reduzierung von Feuchtigkeit und Geruchsbel\u00e4stigung in St\u00e4llen der Gefl\u00fcgelhaltung, anzuwenden als Huderbad und zum Einmischen in die Einstreu. F\u00fcr die Verwendung im Konventionellen Bereich kann <span style=\"color: #ff0000;\">Zeodry<\/span> auch (feinvermahlen) dem Futter beigemischt werden und bindet so im K\u00f6rper des Tieres \u00fcbersch\u00fcssige Feuchtigkeit und Toxine. Diese Wirkung hat Zeodry nicht nur bei Gefl\u00fcgel sondern bei Rindern, Schweinen, Schafen, Ziegen, Pferden, etc..<\/p>\n\n\n\n<h3 class=\"wp-block-heading\">Hauptmen\u00fc Biod\u00fcnger<\/h3>\n\n\n\n<p>Hier finden Sie in erster Linie diverse Gips- und Kalkprodukte welche die Bodenbeschaffenheiten optimieren k\u00f6nnen und die Pflanzen mit wichtigen N\u00e4hrstoffen versorgen.<\/p>\n\n\n\n<p>Wirtschaftsd\u00fcnger wird auf der Seite: <a href=\"http:\/\/www.htk-handel.de\"><span style=\"color: #3366ff;\">www.htk-handel.de<\/span><\/a> angeboten.<\/p>\n\n\n\n<p>Wir beliefern G\u00e4rtnereien und Gartencenter sowie Landhandel und Landwirtschaft mit Palettenware oder Big Bag und auch loser Anlieferung mit Kipper- oder Schubboden-LKW.<\/p>\n\n\n\n<p>Auf den folgenden Seiten finden Sie Produktbeschreibungen und Anwendungsbeispiele bzw. Anwendungsempfehlungen.<\/p>\n\n\n\n<p>Zus\u00e4tzlich steht Ihnen Herr Thorsten Remmert jederzeit f\u00fcr weitere Informationen zur Verf\u00fcgung:<\/p>\n\n\n\n<p>Thorsten Remmert<br>Telefon (0 51 83) 95 73 60<br>Mobil 0177 215 72 77<\/p>\n\n\n\n<h3 class=\"wp-block-heading\"><em><strong>Hauptmen\u00fc Gesteinsmehl<\/strong><\/em><\/h3>\n\n\n\n<p>Weitere Produkte, auch mit Zulassung f\u00fcr den \u00f6kologischen Landbau gem\u00e4\u00df EU-\u00d6ko-Verordnung, sind die <em><strong>Gesteinsmehle<\/strong><\/em>.<\/p>\n\n\n\n<p>Das <strong>Urgesteinsmehl<\/strong> kann sowohl als Bodenhilfsstoff eingesetzt werden und hat eine Wirkung \u00e4hnlich den Sedimenten aufgebracht durch die Nil\u00fcberschwemmungen. Es kann aber auch als Blattd\u00fcnger verwendet werden und liefert dann Silikate und Spurenelemente wie Bor und Selen direkt an die Zellen in Blatt und Frucht. Gemische aus 4 kg Urgesteinsmehl und 4 kg Naturgips Anhydrit auf 400 ltr. Wasser, ausgebracht auf einen Hektar, versorgen die Pflanze zus\u00e4tzlich auch noch mit dem wichtigen Baustoff Ca++und Schwefel. Eine mehrmalige Anwendung ist ratsam, andererseits sollte die Konzentration pro Ausbringung nicht \u00fcberschritten werden um einen zu starken Mehlfilm auf den Bl\u00e4ttern zu vermeiden.<\/p>\n\n\n\n<h2 class=\"wp-block-heading\">Hauptmen\u00fc Stalleinstreu<\/h2>\n\n\n\n<p>Eine Auflistung verschiedenster Einstrauprodukte, von Mischungen auf Basis von Calciumcarbonat und Magnesiumcarbonat \u00fcber feinstvermahlener Kreide bis zu Mischungen aus Calciumcarbonat und Calciumhydroxit oder in Reinform als Branntkalk oder Wei\u00dfkalk.<\/p>\n\n\n\n<p>F\u00fcr jeden Anwendungsbereich sind Produkte aufgelistet. Von Rinder-, Schweine-, Ziegen-, und Schafst\u00e4llen \u00fcber Gefl\u00fcgelst\u00e4llen bis hin zur Anwendung im Pferdestall. F\u00fcr Pferde gibt es zus\u00e4tzlich die Seite:<\/p>\n\n\n\n<h2 class=\"wp-block-heading\">Hauptmen\u00fc Produktfamilie Pferd<\/h2>\n\n\n\n<p>Das Thema Stalleinstreu wird hier noch einmal speziell f\u00fcr Pferde behandelt.<\/p>\n\n\n\n<p>Es wird durch das Produkt Vulcolit erg\u00e4nzt, einem mineralischen Naturprodukt zur Konditionierung von Reitpl\u00e4tzen, Paddocks etc. . <\/p>\n\n\n\n<p>Au\u00dferdem werden die Hygienekalke der Fels Werke f\u00fcr den Einsatz im Pferdebereich beschrieben.<\/p>\n\n\n\n<p>Zeolith und dessen Wirkung beim Tier werden erkl\u00e4rt und durch Texte renommierter Tier\u00e4rzte und Tierheilpraktiker erg\u00e4nzt.<\/p>\n\n\n\n<p><\/p>\n\n\n\n<p><a href=\"mailto:thorsten.remmert@naturduenger.bio\">thorsten.remmert@naturduenger.bio<\/a><\/p>\n","protected":false},"excerpt":{"rendered":"<p>www.naturduenger.bio ist die logische Konsequenz unserer langj\u00e4hrigen T\u00e4tigkeit im Schlie\u00dfen von N\u00e4hrstoffkreisl\u00e4ufen. Die H &amp; W Remmert GmbH handelt seit Jahren mit Wirtschaftsd\u00fcngern aus den viehreichen Regionen Niedersachsens und Nordrhein-Westfalens und vertreibt diese als D\u00fcnger und Biogassubstrat in den Ackerbauregionen Niedersachsens und Sachsen-Anhalts. Um Leerfahrten der Transporteure zu vermeiden, haben wir uns auch dem Handel &hellip; <a href=\"https:\/\/naturduenger.bio\/\" class=\"more-link\"><span class=\"screen-reader-text\">\u201eWillkommen bei Naturduenger.Bio\u201c <\/span>weiterlesen<\/a><\/p>\n","protected":false},"author":1,"featured_media":0,"parent":0,"menu_order":0,"comment_status":"closed","ping_status":"closed","template":"","meta":{"footnotes":""},"class_list":["post-26","page","type-page","status-publish","hentry"],"_links":{"self":[{"href":"https:\/\/naturduenger.bio\/index.php\/wp-json\/wp\/v2\/pages\/26","targetHints":{"allow":["GET"]}}],"collection":[{"href":"https:\/\/naturduenger.bio\/index.php\/wp-json\/wp\/v2\/pages"}],"about":[{"href":"https:\/\/naturduenger.bio\/index.php\/wp-json\/wp\/v2\/types\/page"}],"author":[{"embeddable":true,"href":"https:\/\/naturduenger.bio\/index.php\/wp-json\/wp\/v2\/users\/1"}],"replies":[{"embeddable":true,"href":"https:\/\/naturduenger.bio\/index.php\/wp-json\/wp\/v2\/comments?post=26"}],"version-history":[{"count":15,"href":"https:\/\/naturduenger.bio\/index.php\/wp-json\/wp\/v2\/pages\/26\/revisions"}],"predecessor-version":[{"id":312,"href":"https:\/\/naturduenger.bio\/index.php\/wp-json\/wp\/v2\/pages\/26\/revisions\/312"}],"wp:attachment":[{"href":"https:\/\/naturduenger.bio\/index.php\/wp-json\/wp\/v2\/media?parent=26"}],"curies":[{"name":"wp","href":"https:\/\/api.w.org\/{rel}","templated":true}]}}