{"id":169,"date":"2018-01-30T13:23:30","date_gmt":"2018-01-30T12:23:30","guid":{"rendered":"http:\/\/naturduenger.bio\/?page_id=169"},"modified":"2018-01-30T13:23:30","modified_gmt":"2018-01-30T12:23:30","slug":"weisskalk","status":"publish","type":"page","link":"https:\/\/naturduenger.bio\/index.php\/weisskalk\/","title":{"rendered":"Wei\u00dfkalk"},"content":{"rendered":"<h2><strong><u>Einsatzm\u00f6glichkeiten von Wei\u00dfkalk<\/u><\/strong><\/h2>\n<p><strong><u>\u00a0<\/u><\/strong><\/p>\n<p>Fels Kalkmilch ist eine alkalische Suspension aus Calciumdihydroxid in Wasser zur wirksamen und nachhaltigen Hygienisierung von Stallungen sowie zum Wei\u00dfen von Tierst\u00e4llen aber auch von Obstb\u00e4umen. Die Herstellung ist denkbar einfach: 3 Teile Wei\u00dfkalk und 7 Teile Wasser. Aufgrund seiner nat\u00fcrlichen Zusammensetzung ist FELS Kalkmilch besonders f\u00fcr Bio-Betriebe geeignet.<\/p>\n<p>&nbsp;<\/p>\n<h3><strong><u>Anwendungsbereich Tierhaltung<\/u><\/strong><\/h3>\n<p><strong>\u00a0<\/strong><\/p>\n<p>Zum Wei\u00dfen von Tierst\u00e4llen durch pneumatisches Verspr\u00fchen oder Streichen bei Gefl\u00fcgel, Milchvieh, Rind, Schwein, Schaf und Ziegen sowie Kleintierhaltungen wie Kaninchen, Tauben und Zierv\u00f6geln. Zur Hygienisierung und bioziden Anwendung.<\/p>\n<p>.<\/p>\n<p>&nbsp;<\/p>\n<h5><strong>Wirkungsprinzip<\/strong><\/h5>\n<p><strong>\u00a0<\/strong><\/p>\n<p>&#8211; langanhaltende Hygiene auf nat\u00fcrliche Weise<\/p>\n<ul>\n<li>Alkalisch biozide Wirkung (pH &gt; 12)<\/li>\n<li>Durch fl\u00e4chendeckende Anwendung \u00fcber Wochen anhaltende Keimreduzierung und Milbenbelastung (bis Faktor 10-6) im gesamten Stall<\/li>\n<li>Steigerung des Wohlbefindens durch den Aufhellungseffekt<\/li>\n<li>Luftreinigungseffekt beim Verspr\u00fchen der Kalkmilch \/ Verbesserung des Raumklimas.<\/li>\n<\/ul>\n<p>Praxistests haben gezeigt, dass mit Kalkmilch l\u00e4nger anhaltende hygienische Verh\u00e4ltnisse vorherrschen als bei Anwendung anderer Desinfektionsmethoden.<\/p>\n<p>&nbsp;<\/p>\n<h5><strong>Weitere Vorteile<\/strong><\/h5>\n<p><strong>\u00a0<\/strong><\/p>\n<ul>\n<li>Keimreduzierung, Aufhellung, Wohlbefinden, pH-Anhebung<\/li>\n<li>Hygienewirkung gegen\u00fcber Bakterien: Staphylococcus, Enterococcus, Pseudomonas, Proteus<\/li>\n<li>Gebrauchsfertig lieferbar<\/li>\n<li>Hohe chemische Reinheit (Ca(OH)2 &gt; 90 %)<\/li>\n<li>Leichte Handhabung<\/li>\n<li>Einsparung vielfacher Desinfektionsma\u00dfnahmen und Medikamenten<\/li>\n<\/ul>\n<p><strong>\u00a0<\/strong><strong>\u00a0<\/strong><\/p>\n<h4><strong><u>Anwendungsbereich Obstanbau<\/u><\/strong><\/h4>\n<p><strong>\u00a0<\/strong><\/p>\n<p>Der Anstrich besteht, genau wie bei den Stallungen, aus einer 30% Mischung (3Teile Wei\u00dfkalk und 7 Teile Wasser) und wird mittels Pinsel oder Quast dick auf die Rinde des Stammes aufgetragen. Lose Anhaftungen sollten vorher entfernt werden.<\/p>\n<p>&nbsp;<\/p>\n<h4><strong>Der Anstrich hat mehrere Vorteile:<\/strong><\/h4>\n<ul>\n<li>Risse in der Rinde werden geschlossen<\/li>\n<li>Sch\u00e4dlinge k\u00f6nnen sich nicht mehr in den Rissen einnisten<\/li>\n<li>Frostsch\u00e4den werden gemindert<\/li>\n<li>Der hohe pH \u2013 Wert verhindert auch eine Einwanderung von boden\u00fcberlebenden Sch\u00e4dlingen \u00fcber den Stamm. Daf\u00fcr mu\u00df der Anstrich nat\u00fcrlich noch vorhanden sein oder erneuert werden.<\/li>\n<li>Elastische gesunde Rinde ist widerstandsf\u00e4hig gegen Pilze.<\/li>\n<li>Der abgewaschene Kalk reguliert den pH \u2013 Wert des Bodens.<\/li>\n<\/ul>\n<p>&nbsp;<\/p>\n<p>&nbsp;<\/p>\n<p>Dies ist eine altbekannte und vollkommen biologische Schutzma\u00dfnahme und f\u00f6rdert den Gesundheitsstatus des Baumes.<\/p>\n<p>&nbsp;<\/p>\n<p>&nbsp;<\/p>\n<h4><strong><u>Anwendungsbereich Haus<\/u><\/strong><\/h4>\n<p><strong>\u00a0<\/strong><\/p>\n<p>Die bereits beschriebene Mischung ist auch eine hervorragende atmungsaktive Farbe f\u00fcr alle Arten von Mauerwerk und haftet auch auf Holz. Schon vor hunderten von Jahren wurde Kalkmilch zum Streichen der W\u00e4nde benutzt. Damals wurde teilweise Molke mit beigemischt um einen witterungsbest\u00e4ndigen Anstrich zu erreichen. Heute verwendet man auch unbehandeltes Kochsalz (ca.1%) oder reines Lein\u00f6l (2 \u2013 3%) oder auch weiterhin Molke oder Quark. Wichtig ist, da\u00df der Kalkanstrich so langsam wie m\u00f6glich (mindestens 16 Std. besser 24 Std.) trocknet, da sich w\u00e4hrend der Trocknungsphase die Kalziumkristalle, durch Reaktion mit der Luft, bilden. Je l\u00e4nger der Trocknungsprozess desto h\u00e4rter die Farbe.<\/p>\n<h5><\/h5>\n<h5><strong>Weitere Vorteile:<\/strong><\/h5>\n<p><strong>\u00a0<\/strong><\/p>\n<ul>\n<li>Hoher pH-Wert bek\u00e4mpft Schimmelbildung<\/li>\n<li>Diffusionsoffenheit l\u00e4\u00dft feuchte W\u00e4nde trocknen<\/li>\n<li>Gesundes Raumklima<\/li>\n<li>Keimreduzierung<\/li>\n<li>Sch\u00e4dlingsreduzierung<\/li>\n<\/ul>\n<p>Positive Reaktionen bei Asthmatikern<\/p>\n","protected":false},"excerpt":{"rendered":"<p>Einsatzm\u00f6glichkeiten von Wei\u00dfkalk \u00a0 Fels Kalkmilch ist eine alkalische Suspension aus Calciumdihydroxid in Wasser zur wirksamen und nachhaltigen Hygienisierung von Stallungen sowie zum Wei\u00dfen von Tierst\u00e4llen aber auch von Obstb\u00e4umen. Die Herstellung ist denkbar einfach: 3 Teile Wei\u00dfkalk und 7 Teile Wasser. Aufgrund seiner nat\u00fcrlichen Zusammensetzung ist FELS Kalkmilch besonders f\u00fcr Bio-Betriebe geeignet. &nbsp; Anwendungsbereich &hellip; <a href=\"https:\/\/naturduenger.bio\/index.php\/weisskalk\/\" class=\"more-link\"><span class=\"screen-reader-text\">\u201eWei\u00dfkalk\u201c <\/span>weiterlesen<\/a><\/p>\n","protected":false},"author":1,"featured_media":0,"parent":0,"menu_order":0,"comment_status":"closed","ping_status":"closed","template":"","meta":{"footnotes":""},"class_list":["post-169","page","type-page","status-publish","hentry"],"_links":{"self":[{"href":"https:\/\/naturduenger.bio\/index.php\/wp-json\/wp\/v2\/pages\/169","targetHints":{"allow":["GET"]}}],"collection":[{"href":"https:\/\/naturduenger.bio\/index.php\/wp-json\/wp\/v2\/pages"}],"about":[{"href":"https:\/\/naturduenger.bio\/index.php\/wp-json\/wp\/v2\/types\/page"}],"author":[{"embeddable":true,"href":"https:\/\/naturduenger.bio\/index.php\/wp-json\/wp\/v2\/users\/1"}],"replies":[{"embeddable":true,"href":"https:\/\/naturduenger.bio\/index.php\/wp-json\/wp\/v2\/comments?post=169"}],"version-history":[{"count":1,"href":"https:\/\/naturduenger.bio\/index.php\/wp-json\/wp\/v2\/pages\/169\/revisions"}],"predecessor-version":[{"id":170,"href":"https:\/\/naturduenger.bio\/index.php\/wp-json\/wp\/v2\/pages\/169\/revisions\/170"}],"wp:attachment":[{"href":"https:\/\/naturduenger.bio\/index.php\/wp-json\/wp\/v2\/media?parent=169"}],"curies":[{"name":"wp","href":"https:\/\/api.w.org\/{rel}","templated":true}]}}