{"id":161,"date":"2018-01-30T13:22:46","date_gmt":"2018-01-30T12:22:46","guid":{"rendered":"http:\/\/naturduenger.bio\/?page_id=161"},"modified":"2018-01-30T13:22:46","modified_gmt":"2018-01-30T12:22:46","slug":"calcides","status":"publish","type":"page","link":"https:\/\/naturduenger.bio\/index.php\/calcides\/","title":{"rendered":"CalciDes"},"content":{"rendered":"<p><span style=\"color: #ff0000;\">Fels CalciDes<\/span> ist ein ma\u00dfgeschneidertes Produkt f\u00fcr den Bereich der Stallhygiene, das sowohl auf die Hygieneanforderungen als auch auf die Tiervertr\u00e4glichkeit abgestimmt ist. Die aktuellen DLG \u2013 Berichte zur Wirkung und Hautvertr\u00e4glichkeit, sowie Konformit\u00e4tserkl\u00e4rung <span style=\"color: #008000;\">FIBL<\/span> senden wir Ihnen auf Verlangen zu.<\/p>\n<p><span style=\"color: #ff0000;\">CalciDes<\/span> ist ein alkalisches Einstreumittel, geeignet f\u00fcr Rinder, Schweine, Pferde, Schafe, Ziegen und Gefl\u00fcgel. Es kann als Einstreu in Hochboxen, Lauf- und Liegefl\u00e4chen, Buchten und Nestern und auch als trockenes Klauenbad oder in Mischung mit Sand oder Kalksteingrie\u00df als Scharr- und Puderbad eingesetzt werden. Der Bestandteil Calciumdihydroxid bewirkt eine pH \u2013 Anhebung auf &gt; 12,5; Calciumcarbonat ist f\u00fcr die hohe Saugf\u00e4higkeit verantwortlich.<\/p>\n<p>Je nach Feuchtigkeit setzt man 50 \u2013 100 g\/m\u00b2 2 bis 3 mal w\u00f6chentlich auf den Lauf- und Liegefl\u00e4chen und der Einstreu ein. Nester werden nach Bedarf gepudert.<\/p>\n<p>Trotz seiner extremen Mahlfeinheit sinkt das Material sehr schnell zu Boden und wird nicht gro\u00dfartig aufgewirbelt. Es l\u00e4\u00dft sich ohne besondere Vorkehrungen ausbringen. Erh\u00e4ltlich ist <span style=\"color: #ff0000;\">CalciDes<\/span> in 25 kg S\u00e4cken a 40 St. auf Palette und Big Bag .<\/p>\n<ul>\n<li>Verbesserung der Stallhygiene<\/li>\n<li>Trocknung von Lauf- und Liegefl\u00e4chen<\/li>\n<li>Erh\u00f6hung der Trittsicherheit<\/li>\n<li>Reduzierung pathogener Keime und Viren, welche mit alkalischen Mitteln bek\u00e4mpft werden k\u00f6nnen<\/li>\n<li>Reduziert Hautparasiten, auch die rote Vogelmilbe, Fliegen und anderes Ungeziefer<\/li>\n<li>Vorbeugend bei Mortellaro, Moderhinke und verwandten Erkrankungen<\/li>\n<\/ul>\n<p><a href=\"https:\/\/naturduenger.bio\/wp-content\/uploads\/2018\/01\/Einsatzm\u00f6glichkeiten-von-CalciDes-im-Rinderbereich.pdf\">Einsatzm\u00f6glichkeiten von CalciDes im Rinderbereich<\/a><\/p>\n<p><a href=\"https:\/\/naturduenger.bio\/wp-content\/uploads\/2018\/01\/Einsatzm\u00f6glichkeiten-von-CalciDes-im-Schweinebereich.pdf\">Einsatzm\u00f6glichkeiten von CalciDes im Schweinebereich<\/a><\/p>\n<p><a href=\"https:\/\/naturduenger.bio\/wp-content\/uploads\/2018\/01\/DLG-Test-CalciDes.pdf\">DLG Test CalciDes<\/a><\/p>\n<p><a href=\"https:\/\/naturduenger.bio\/wp-content\/uploads\/2018\/01\/14-817-Hautvertr\u00e4glichkeit-Fels-Calcides-Ergebnisse.pdf\">14-817 Hautvertr\u00e4glichkeit Fels CalciDes Ergebnisse<\/a><\/p>\n<p><a href=\"https:\/\/naturduenger.bio\/wp-content\/uploads\/2018\/01\/CalciDes-Gefl\u00fcgel-mit-Bildern.pdf\">CalciDes Gefl\u00fcgel mit Bildern<\/a><\/p>\n<p><a href=\"https:\/\/naturduenger.bio\/wp-content\/uploads\/2018\/01\/Hygienekalk-Pferde.pdf\">Hygienekalk Pferde<\/a><\/p>\n<p><a href=\"https:\/\/naturduenger.bio\/wp-content\/uploads\/2018\/01\/Konformitaetserklaerung-CalciDes.pdf\">Konformitaetserklaerung CalciDes<\/a><\/p>\n","protected":false},"excerpt":{"rendered":"<p>Fels CalciDes ist ein ma\u00dfgeschneidertes Produkt f\u00fcr den Bereich der Stallhygiene, das sowohl auf die Hygieneanforderungen als auch auf die Tiervertr\u00e4glichkeit abgestimmt ist. Die aktuellen DLG \u2013 Berichte zur Wirkung und Hautvertr\u00e4glichkeit, sowie Konformit\u00e4tserkl\u00e4rung FIBL senden wir Ihnen auf Verlangen zu. CalciDes ist ein alkalisches Einstreumittel, geeignet f\u00fcr Rinder, Schweine, Pferde, Schafe, Ziegen und Gefl\u00fcgel. &hellip; <a href=\"https:\/\/naturduenger.bio\/index.php\/calcides\/\" class=\"more-link\"><span class=\"screen-reader-text\">\u201eCalciDes\u201c <\/span>weiterlesen<\/a><\/p>\n","protected":false},"author":1,"featured_media":0,"parent":0,"menu_order":0,"comment_status":"closed","ping_status":"closed","template":"","meta":{"footnotes":""},"class_list":["post-161","page","type-page","status-publish","hentry"],"_links":{"self":[{"href":"https:\/\/naturduenger.bio\/index.php\/wp-json\/wp\/v2\/pages\/161","targetHints":{"allow":["GET"]}}],"collection":[{"href":"https:\/\/naturduenger.bio\/index.php\/wp-json\/wp\/v2\/pages"}],"about":[{"href":"https:\/\/naturduenger.bio\/index.php\/wp-json\/wp\/v2\/types\/page"}],"author":[{"embeddable":true,"href":"https:\/\/naturduenger.bio\/index.php\/wp-json\/wp\/v2\/users\/1"}],"replies":[{"embeddable":true,"href":"https:\/\/naturduenger.bio\/index.php\/wp-json\/wp\/v2\/comments?post=161"}],"version-history":[{"count":2,"href":"https:\/\/naturduenger.bio\/index.php\/wp-json\/wp\/v2\/pages\/161\/revisions"}],"predecessor-version":[{"id":163,"href":"https:\/\/naturduenger.bio\/index.php\/wp-json\/wp\/v2\/pages\/161\/revisions\/163"}],"wp:attachment":[{"href":"https:\/\/naturduenger.bio\/index.php\/wp-json\/wp\/v2\/media?parent=161"}],"curies":[{"name":"wp","href":"https:\/\/api.w.org\/{rel}","templated":true}]}}