{"id":146,"date":"2018-01-30T13:23:00","date_gmt":"2018-01-30T12:23:00","guid":{"rendered":"http:\/\/naturduenger.bio\/?page_id=146"},"modified":"2018-01-30T13:23:00","modified_gmt":"2018-01-30T12:23:00","slug":"calciflu","status":"publish","type":"page","link":"https:\/\/naturduenger.bio\/index.php\/calciflu\/","title":{"rendered":"CalciFlu"},"content":{"rendered":"<p><span style=\"color: #ff0000;\">Fels-CalciFlu<\/span> ist ein hochreaktiver Branntkalk zur Desinfektion von Fl\u00e4chen im Innen- und Au\u00dfenbereich. Es dient der Bek\u00e4mpfung von Seuchen, Viren, Bakterien und Parasiten. Nach dem misten und der Reinigung des Stalls einzusetzen oder um Lauffl\u00e4chen zu desinfizieren.<\/p>\n<p><span style=\"color: #ff0000;\">Fels-CalciFlu<\/span> wird zur Profilaxe mit 500gr\/m\u00b2 und bei Befall mit 1000 bis 1500 gr\/m\u00b2 ausgebracht. Durch eine vollst\u00e4ndige Befeuchtung reagiert <span style=\"color: #ff0000;\">CalciFlu<\/span> und erhitzt sich innerhalb von Minuten auf \u00fcber 70 Grad Celsius. \u00dcbrig bleibt ein Wei\u00dfkalk mit einem pH-Wert von 12,5 der lange Zeit weiterwirkt und auch die rote Vogelmilbe bek\u00e4mpft. Es wirkt gegen Salmonellen, Wurmeier, Enterokokken, Kolibakterien und auch Viren wie z.B. H5N1(Vogelgrippe). Der Einsatz von <span style=\"color: #ff0000;\">Fels-CalciFlu<\/span> sichert weniger Befall, geringere Ausf\u00e4lle und ges\u00fcnderen Bestand.<\/p>\n<p><span style=\"color: #ff0000;\">Fels-CalciFlu<\/span> hat eine K\u00f6rnung von 1 \u2013 5mm und l\u00e4\u00dft sich gro\u00dffl\u00e4chig auch mit dem Schleuderstreuer ausbringen.<\/p>\n<p>Im Au\u00dfenbereich gelten je nach Bundesland f\u00fcr den Biobereich andere Vorschriften, soda\u00df eine R\u00fccksprache mit den Kontrollstellen zu empfehlen ist.<\/p>\n<p>Auf eine vollst\u00e4ndige Benetzung mit Wasser ist zu achten um eine sp\u00e4tere Aufnahme von nicht reagiertem Branntkalk durch das Tier zu verhindern.<\/p>\n<p><span style=\"color: #ff0000;\">Fels-CalciFlu<\/span> hat die Bio \u2013 Zulassung durch <span style=\"color: #008000;\">FIBL.<\/span><\/p>\n<p><a href=\"https:\/\/naturduenger.bio\/wp-content\/uploads\/2018\/01\/Konformitaetserklaerung-CalciFlu.pdf\">Konformitaetserklaerung CalciFlu<\/a><\/p>\n<p><a href=\"https:\/\/naturduenger.bio\/wp-content\/uploads\/2018\/01\/Einsatzm\u00f6glichkeiten-von-CalciFlu-im-Rinder-und-Schweinebereich.pdf\">Einsatzm\u00f6glichkeiten von CalciFlu im Rinder- und Schweinebereich<\/a><\/p>\n<p><a href=\"https:\/\/naturduenger.bio\/wp-content\/uploads\/2018\/01\/Kalkmilch.pdf\">Kalkmilch<\/a><\/p>\n<p>&nbsp;<\/p>\n<p>&nbsp;<\/p>\n<p>Fels-CalciFlu ist eine eingetragene Marke der Fels \u2013 Werke GmbH<\/p>\n","protected":false},"excerpt":{"rendered":"<p>Fels-CalciFlu ist ein hochreaktiver Branntkalk zur Desinfektion von Fl\u00e4chen im Innen- und Au\u00dfenbereich. Es dient der Bek\u00e4mpfung von Seuchen, Viren, Bakterien und Parasiten. Nach dem misten und der Reinigung des Stalls einzusetzen oder um Lauffl\u00e4chen zu desinfizieren. Fels-CalciFlu wird zur Profilaxe mit 500gr\/m\u00b2 und bei Befall mit 1000 bis 1500 gr\/m\u00b2 ausgebracht. Durch eine vollst\u00e4ndige &hellip; <a href=\"https:\/\/naturduenger.bio\/index.php\/calciflu\/\" class=\"more-link\"><span class=\"screen-reader-text\">\u201eCalciFlu\u201c <\/span>weiterlesen<\/a><\/p>\n","protected":false},"author":1,"featured_media":0,"parent":0,"menu_order":0,"comment_status":"closed","ping_status":"closed","template":"","meta":{"footnotes":""},"class_list":["post-146","page","type-page","status-publish","hentry"],"_links":{"self":[{"href":"https:\/\/naturduenger.bio\/index.php\/wp-json\/wp\/v2\/pages\/146","targetHints":{"allow":["GET"]}}],"collection":[{"href":"https:\/\/naturduenger.bio\/index.php\/wp-json\/wp\/v2\/pages"}],"about":[{"href":"https:\/\/naturduenger.bio\/index.php\/wp-json\/wp\/v2\/types\/page"}],"author":[{"embeddable":true,"href":"https:\/\/naturduenger.bio\/index.php\/wp-json\/wp\/v2\/users\/1"}],"replies":[{"embeddable":true,"href":"https:\/\/naturduenger.bio\/index.php\/wp-json\/wp\/v2\/comments?post=146"}],"version-history":[{"count":2,"href":"https:\/\/naturduenger.bio\/index.php\/wp-json\/wp\/v2\/pages\/146\/revisions"}],"predecessor-version":[{"id":168,"href":"https:\/\/naturduenger.bio\/index.php\/wp-json\/wp\/v2\/pages\/146\/revisions\/168"}],"wp:attachment":[{"href":"https:\/\/naturduenger.bio\/index.php\/wp-json\/wp\/v2\/media?parent=146"}],"curies":[{"name":"wp","href":"https:\/\/api.w.org\/{rel}","templated":true}]}}