{"id":144,"date":"2018-01-30T13:23:16","date_gmt":"2018-01-30T12:23:16","guid":{"rendered":"http:\/\/naturduenger.bio\/?page_id=144"},"modified":"2026-01-08T18:30:07","modified_gmt":"2026-01-08T17:30:07","slug":"hygienekalke","status":"publish","type":"page","link":"https:\/\/naturduenger.bio\/index.php\/hygienekalke\/","title":{"rendered":"Stalleinstreu"},"content":{"rendered":"<p>Stalleinstreu dient sowohl der Stallhygiene als auch dem Wohlbefinden der Tiere. Hauptaufgabe der Stalleinstreu ist die Abtrocknung der Liegefl\u00e4chen und Laufwege sowie die Optimierung des Stallklimas durch Ammoniakbindung. Je nach pH-Wert mindert die Stalleinstreu auch den Insekten- und Milbendruck sind jedoch keine Biozide.<\/p>\n<p>Die Stalleinstreuprodukte der GFR basieren auf getrocknetem nat\u00fcrlichen Calcium- und Magnesiumcarbonat oder Kreide und sind, bis auf \u00d6kodry, f\u00fcr den \u00f6kologischen Landbau gem\u00e4\u00df EU-\u00d6ko-Verordnung zugelassen<\/p>\n<p>Hygienekalke der Felswerke sind Produkte aus Branntkalk bzw. aus gel\u00f6schtem Branntkalk mit hohen pH &#8211; Werten.<\/p>\n<p>Im Biobereich d\u00fcrfen diese zumindest im Innenbereich des Stalles eingesetzt werden. Anwendungen im Au\u00dfenbereich bed\u00fcrfen der Zustimmung der Kontrollorganisation.<\/p>\n<p>In den Unterkategorien finden Sie die Einsatzm\u00f6glichkeiten f\u00fcr verschiedene Tierarten.<\/p>\n<p>Zus\u00e4tzlich ist ZeoDry ein hervorragendes Produkt f\u00fcr die Stalleinstreu, siehe unter Gesteinsmehle.\u00a0Ein Produkt zur Bek\u00e4mpfung von Feuchtigkeit und Ger\u00fcchen, bestehend aus reinem Gestein vulkanischen Ursprungs ohne jegliche N\u00e4hrstoffe.<\/p>\n","protected":false},"excerpt":{"rendered":"<p>Stalleinstreu dient sowohl der Stallhygiene als auch dem Wohlbefinden der Tiere. Hauptaufgabe der Stalleinstreu ist die Abtrocknung der Liegefl\u00e4chen und Laufwege sowie die Optimierung des Stallklimas durch Ammoniakbindung. Je nach pH-Wert mindert die Stalleinstreu auch den Insekten- und Milbendruck sind jedoch keine Biozide. Die Stalleinstreuprodukte der GFR basieren auf getrocknetem nat\u00fcrlichen Calcium- und Magnesiumcarbonat oder &hellip; <a href=\"https:\/\/naturduenger.bio\/index.php\/hygienekalke\/\" class=\"more-link\"><span class=\"screen-reader-text\">\u201eStalleinstreu\u201c <\/span>weiterlesen<\/a><\/p>\n","protected":false},"author":1,"featured_media":0,"parent":0,"menu_order":0,"comment_status":"closed","ping_status":"closed","template":"","meta":{"footnotes":""},"class_list":["post-144","page","type-page","status-publish","hentry"],"_links":{"self":[{"href":"https:\/\/naturduenger.bio\/index.php\/wp-json\/wp\/v2\/pages\/144","targetHints":{"allow":["GET"]}}],"collection":[{"href":"https:\/\/naturduenger.bio\/index.php\/wp-json\/wp\/v2\/pages"}],"about":[{"href":"https:\/\/naturduenger.bio\/index.php\/wp-json\/wp\/v2\/types\/page"}],"author":[{"embeddable":true,"href":"https:\/\/naturduenger.bio\/index.php\/wp-json\/wp\/v2\/users\/1"}],"replies":[{"embeddable":true,"href":"https:\/\/naturduenger.bio\/index.php\/wp-json\/wp\/v2\/comments?post=144"}],"version-history":[{"count":3,"href":"https:\/\/naturduenger.bio\/index.php\/wp-json\/wp\/v2\/pages\/144\/revisions"}],"predecessor-version":[{"id":277,"href":"https:\/\/naturduenger.bio\/index.php\/wp-json\/wp\/v2\/pages\/144\/revisions\/277"}],"wp:attachment":[{"href":"https:\/\/naturduenger.bio\/index.php\/wp-json\/wp\/v2\/media?parent=144"}],"curies":[{"name":"wp","href":"https:\/\/api.w.org\/{rel}","templated":true}]}}