{"id":114,"date":"2018-01-28T19:27:42","date_gmt":"2018-01-28T18:27:42","guid":{"rendered":"http:\/\/naturduenger.bio\/?page_id=114"},"modified":"2018-01-28T19:27:42","modified_gmt":"2018-01-28T18:27:42","slug":"gesteinsmehle","status":"publish","type":"page","link":"https:\/\/naturduenger.bio\/index.php\/gesteinsmehle\/","title":{"rendered":"Gesteinsmehle"},"content":{"rendered":"<p>Gesteinsmehle sind sowohl Urgesteinsmehle als auch Naturgipse hochfein vermahlen, aber auch Kalke und Zeolith in verschiedenen Vermahlungen, je nach Einsatzgebiet.<\/p>\n<p>Gesteinsmehle sind Bodenverbesserer und liefern nat\u00fcrliche N\u00e4hrstoffe und Spurenelemente zur F\u00f6rderung des Bodenlebens oder regulieren den pH &#8211; Wert und absorbieren Schadstoffe. Sie helfen den Wasserhaushalt zu optimieren und k\u00f6nnen N\u00e4hrstoffe speichern und bedarfsgerecht wieder abgeben.<\/p>\n","protected":false},"excerpt":{"rendered":"<p>Gesteinsmehle sind sowohl Urgesteinsmehle als auch Naturgipse hochfein vermahlen, aber auch Kalke und Zeolith in verschiedenen Vermahlungen, je nach Einsatzgebiet. Gesteinsmehle sind Bodenverbesserer und liefern nat\u00fcrliche N\u00e4hrstoffe und Spurenelemente zur F\u00f6rderung des Bodenlebens oder regulieren den pH &#8211; Wert und absorbieren Schadstoffe. Sie helfen den Wasserhaushalt zu optimieren und k\u00f6nnen N\u00e4hrstoffe speichern und bedarfsgerecht wieder &hellip; <a href=\"https:\/\/naturduenger.bio\/index.php\/gesteinsmehle\/\" class=\"more-link\"><span class=\"screen-reader-text\">\u201eGesteinsmehle\u201c <\/span>weiterlesen<\/a><\/p>\n","protected":false},"author":1,"featured_media":0,"parent":0,"menu_order":0,"comment_status":"closed","ping_status":"closed","template":"","meta":{"footnotes":""},"class_list":["post-114","page","type-page","status-publish","hentry"],"_links":{"self":[{"href":"https:\/\/naturduenger.bio\/index.php\/wp-json\/wp\/v2\/pages\/114","targetHints":{"allow":["GET"]}}],"collection":[{"href":"https:\/\/naturduenger.bio\/index.php\/wp-json\/wp\/v2\/pages"}],"about":[{"href":"https:\/\/naturduenger.bio\/index.php\/wp-json\/wp\/v2\/types\/page"}],"author":[{"embeddable":true,"href":"https:\/\/naturduenger.bio\/index.php\/wp-json\/wp\/v2\/users\/1"}],"replies":[{"embeddable":true,"href":"https:\/\/naturduenger.bio\/index.php\/wp-json\/wp\/v2\/comments?post=114"}],"version-history":[{"count":1,"href":"https:\/\/naturduenger.bio\/index.php\/wp-json\/wp\/v2\/pages\/114\/revisions"}],"predecessor-version":[{"id":115,"href":"https:\/\/naturduenger.bio\/index.php\/wp-json\/wp\/v2\/pages\/114\/revisions\/115"}],"wp:attachment":[{"href":"https:\/\/naturduenger.bio\/index.php\/wp-json\/wp\/v2\/media?parent=114"}],"curies":[{"name":"wp","href":"https:\/\/api.w.org\/{rel}","templated":true}]}}